{"id":6256,"date":"2024-12-02T15:24:53","date_gmt":"2024-12-02T15:24:53","guid":{"rendered":"https:\/\/ferraronisignature.com\/madtest\/?page_id=6256"},"modified":"2025-03-10T11:10:58","modified_gmt":"2025-03-10T11:10:58","slug":"i-prodotti","status":"publish","type":"page","link":"https:\/\/ferraronisignature.com\/madtest\/i-prodotti\/","title":{"rendered":"I Prodotti"},"content":{"rendered":"\t\t<div data-elementor-type=\"wp-page\" data-elementor-id=\"6256\" class=\"elementor elementor-6256\" data-elementor-post-type=\"page\">\n\t\t\t\t<div class=\"elementor-element elementor-element-d3f1f4b e-con-full e-flex e-con e-parent\" data-id=\"d3f1f4b\" data-element_type=\"container\" data-e-type=\"container\">\n\t\t\t\t<div class=\"elementor-element elementor-element-9b58883 elementor-widget elementor-widget-art-ordinary-page-header\" data-id=\"9b58883\" data-element_type=\"widget\" data-e-type=\"widget\" data-widget_type=\"art-ordinary-page-header.default\">\n\t\t\t\t<div class=\"elementor-widget-container\">\n\t\t\t\t\t\r\n\t\t<div class=\"art-ordinary-page-header\" style=\"background-image:url(https:\/\/ferraronisignature.com\/madtest\/wp-content\/uploads\/2024\/12\/grafica-trasparente-footer-seremony-1536x300-1.png)\">\r\n\r\n\t\t\t<div class=\"container\">\r\n\r\n\t\t\t\t<div class=\"art-ordinary-page-data\" style=\"text-align:center\">\r\n\r\n\t\t\t\t\t<h1 class=\"art-page-header-title\"><\/h1>\r\n\r\n                                            <div class=\"art-page-header-description\">\r\n                            <p><img decoding=\"async\" class=\"wp-image-6483 alignnone\" src=\"https:\/\/ferraronisignature.com\/madtest\/wp-content\/uploads\/2024\/12\/MYVEG_Experience_logo-1.png\" alt=\"\" width=\"141\" height=\"163\" \/><\/p><p><span style=\"font-size: 20px;\"><strong><span style=\"color: #000000;\">Cosmesi vitale, naturale e olistica<\/span><\/strong><br \/><\/span><\/p>                        <\/div>\r\n                    \r\n\t\t\t\t<\/div>\r\n\r\n\t\t\t<\/div>\r\n\r\n\t\t<\/div>\r\n\r\n\t\t\t\t\t\t<\/div>\n\t\t\t\t<\/div>\n\t\t\t\t<\/div>\n\t\t<div class=\"elementor-element elementor-element-7981dd7 e-flex e-con-boxed e-con e-parent\" data-id=\"7981dd7\" data-element_type=\"container\" data-e-type=\"container\">\n\t\t\t\t\t<div class=\"e-con-inner\">\n\t\t<div class=\"elementor-element elementor-element-ceb3abe e-con-full e-flex e-con e-child\" data-id=\"ceb3abe\" data-element_type=\"container\" data-e-type=\"container\">\n\t\t\t\t<div class=\"elementor-element elementor-element-0403fb6 elementor-widget elementor-widget-text-editor\" data-id=\"0403fb6\" data-element_type=\"widget\" data-e-type=\"widget\" data-widget_type=\"text-editor.default\">\n\t\t\t\t<div class=\"elementor-widget-container\">\n\t\t\t\t\t\t\t\t\t<p style=\"text-align: justify;\">Benvenuti nella sezione dedicata ai prodotti FERRARONI SIGNATURE HAIR SPA, dove bellezza e benessere si incontrano in un\u2019armonia perfetta. Per i nostri trattamenti e rituali abbiamo scelto MYVEG, un brand cosmetico giovane e Made in Italy che incarna la nostra filosofia di cura per il benessere delle persone e del Pianeta.<\/p><p style=\"text-align: justify;\">La scelta di MYVEG non \u00e8 casuale: dietro ogni formulazione c\u2019\u00e8 una passione autentica per la natura e una profonda comprensione dell\u2019interconnessione tra mente e corpo. Ogni prodotto \u00e8 pensato per coinvolgere tutti i sensi, offrendo un\u2019esperienza multisensoriale che nutre non solo il capello, ma anche l\u2019anima.<\/p><p style=\"text-align: justify;\">Le formule \u201cnon diluite\u201d 100% attive, sono il risultato di un\u2019approccio innovativo, ispirato alla naturopatia, che esalta la bellezza individuale attraverso ingredienti naturali selezionati con cura come fiori, foglie, oli essenziali e estratti di erbe officinali, coltivati con metodi naturali e infine confezionati in materiali sostenibili come vetro, alluminio e carte FSC.<\/p>\t\t\t\t\t\t\t\t<\/div>\n\t\t\t\t<\/div>\n\t\t\t\t<\/div>\n\t\t<div class=\"elementor-element elementor-element-18bac32 e-con-full e-flex e-con e-child\" data-id=\"18bac32\" data-element_type=\"container\" data-e-type=\"container\">\n\t\t\t\t<div class=\"elementor-element elementor-element-b0d3063 elementor-widget elementor-widget-video\" data-id=\"b0d3063\" data-element_type=\"widget\" data-e-type=\"widget\" data-settings=\"{&quot;video_type&quot;:&quot;hosted&quot;,&quot;start&quot;:1,&quot;autoplay&quot;:&quot;yes&quot;,&quot;controls&quot;:&quot;yes&quot;}\" data-widget_type=\"video.default\">\n\t\t\t\t<div class=\"elementor-widget-container\">\n\t\t\t\t\t\t\t<div class=\"e-hosted-video elementor-wrapper elementor-open-inline\">\n\t\t\t\t\t<video class=\"elementor-video\" src=\"https:\/\/ferraronisignature.com\/madtest\/wp-content\/uploads\/2024\/12\/MYVEG-video-introduzione-r1.mp4#t=1\" autoplay=\"\" controls=\"\" controlsList=\"nodownload\"><\/video>\n\t\t\t\t<\/div>\n\t\t\t\t\t\t<\/div>\n\t\t\t\t<\/div>\n\t\t\t\t<\/div>\n\t\t\t\t\t<\/div>\n\t\t\t\t<\/div>\n\t\t<div class=\"elementor-element elementor-element-d2ea71d elementor-hidden-desktop elementor-hidden-tablet elementor-hidden-mobile e-flex e-con-boxed e-con e-parent\" data-id=\"d2ea71d\" data-element_type=\"container\" data-e-type=\"container\">\n\t\t\t\t\t<div class=\"e-con-inner\">\n\t\t\t\t<div class=\"elementor-element elementor-element-f76d6bf elementor-widget elementor-widget-heading\" data-id=\"f76d6bf\" data-element_type=\"widget\" data-e-type=\"widget\" data-widget_type=\"heading.default\">\n\t\t\t\t<div class=\"elementor-widget-container\">\n\t\t\t\t\t<h2 class=\"elementor-heading-title elementor-size-default\">Trattamento completo<\/h2>\t\t\t\t<\/div>\n\t\t\t\t<\/div>\n\t\t\t\t<div class=\"elementor-element elementor-element-d48ccc0 elementor-widget elementor-widget-image\" data-id=\"d48ccc0\" data-element_type=\"widget\" data-e-type=\"widget\" data-widget_type=\"image.default\">\n\t\t\t\t<div class=\"elementor-widget-container\">\n\t\t\t\t\t\t\t\t\t\t\t\t\t\t\t<img fetchpriority=\"high\" decoding=\"async\" width=\"1536\" height=\"728\" src=\"https:\/\/ferraronisignature.com\/madtest\/wp-content\/uploads\/2024\/12\/rigenedia_trattamento_completo-1536x728-1.jpg\" class=\"attachment-full size-full wp-image-6274\" alt=\"i prodotti Myveg - products\" srcset=\"https:\/\/ferraronisignature.com\/madtest\/wp-content\/uploads\/2024\/12\/rigenedia_trattamento_completo-1536x728-1.jpg 1536w, https:\/\/ferraronisignature.com\/madtest\/wp-content\/uploads\/2024\/12\/rigenedia_trattamento_completo-1536x728-1-300x142.jpg 300w, https:\/\/ferraronisignature.com\/madtest\/wp-content\/uploads\/2024\/12\/rigenedia_trattamento_completo-1536x728-1-1024x485.jpg 1024w, https:\/\/ferraronisignature.com\/madtest\/wp-content\/uploads\/2024\/12\/rigenedia_trattamento_completo-1536x728-1-768x364.jpg 768w, https:\/\/ferraronisignature.com\/madtest\/wp-content\/uploads\/2024\/12\/rigenedia_trattamento_completo-1536x728-1-600x284.jpg 600w, https:\/\/ferraronisignature.com\/madtest\/wp-content\/uploads\/2024\/12\/rigenedia_trattamento_completo-1536x728-1-120x57.jpg 120w\" sizes=\"(max-width: 1536px) 100vw, 1536px\" \/>\t\t\t\t\t\t\t\t\t\t\t\t\t\t\t<\/div>\n\t\t\t\t<\/div>\n\t\t\t\t\t<\/div>\n\t\t\t\t<\/div>\n\t\t<div class=\"elementor-element elementor-element-d12e521 e-con-full e-flex e-con e-parent\" data-id=\"d12e521\" data-element_type=\"container\" data-e-type=\"container\" data-settings=\"{&quot;background_background&quot;:&quot;classic&quot;}\">\n\t\t\t\t<\/div>\n\t\t<div class=\"elementor-element elementor-element-23a6eed e-flex e-con-boxed e-con e-parent\" data-id=\"23a6eed\" data-element_type=\"container\" data-e-type=\"container\">\n\t\t\t\t\t<div class=\"e-con-inner\">\n\t\t\t\t<div class=\"elementor-element elementor-element-5d8a479 elementor-widget elementor-widget-testimonials-images\" data-id=\"5d8a479\" data-element_type=\"widget\" data-e-type=\"widget\" data-widget_type=\"testimonials-images.default\">\n\t\t\t\t<div class=\"elementor-widget-container\">\n\t\t\t\t\t\r\n\r\n        <div class=\"art-testimonial-images-wrapper\">\r\n\r\n            <div class=\"art-left-side\">\r\n\r\n                <div class=\"swiper-container-testimonial-image\">\r\n                    <div class=\"swiper-wrapper\">\r\n\r\n                                            <div class=\"swiper-slide\">\r\n                            <img decoding=\"async\" src=\"https:\/\/ferraronisignature.com\/madtest\/wp-content\/uploads\/2024\/12\/IMM-slide-1.jpg\" alt=\"Slide\">\r\n                        <\/div>\r\n                                            <div class=\"swiper-slide\">\r\n                            <img decoding=\"async\" src=\"https:\/\/ferraronisignature.com\/madtest\/wp-content\/uploads\/2024\/12\/IMM-slide-2-rimp.jpg\" alt=\"Slide\">\r\n                        <\/div>\r\n                                            <div class=\"swiper-slide\">\r\n                            <img decoding=\"async\" src=\"https:\/\/ferraronisignature.com\/madtest\/wp-content\/uploads\/2024\/12\/IMM-slide-3.jpg\" alt=\"Slide\">\r\n                        <\/div>\r\n                    \r\n                    <\/div>\r\n                <\/div>\r\n\r\n            <\/div>\r\n\r\n            <div class=\"art-right-side\">\r\n                <div class=\"art-right-side-data\">\r\n\r\n                    \r\n                    <div class=\"swiper-container-testimonial-text\">\r\n                        <div class=\"swiper-wrapper\">\r\n\r\n                                                            <div class=\"swiper-slide testimonial-item\">\r\n                                    <div class=\"art-testimonial-data art-h5\"><h6>\u00a0INGREDIENTI E FORMULE<\/h6><p style=\"text-align: justify; font-size: 14pt;\">Nate dalla sapiente miscelazione di ingredienti naturali e biotecnologie. Grazie all\u2019innovazione cosmetica, sostituiamo l\u2019acqua distillata con blend liquidi biologicamente attivi, per aumentare l\u2019azione antiossidante e nutriente degli estratti presenti.<\/p><p style=\"text-align: justify; font-size: 14pt;\">Aromi composti da miscele esclusive di oli essenziali, sui principi dell\u2019aromaterapia. Metodologie estrattive rispettose della pianta (ultrasuoni, deumidificazione o supercritica).<\/p><\/div>\r\n                                    <div class=\"art-testimonial-name art-body-three-font\"><\/div>\r\n                                <\/div>\r\n                                                            <div class=\"swiper-slide testimonial-item\">\r\n                                    <div class=\"art-testimonial-data art-h5\"><h6>RITUALI OLISTICI SENSORIALI<\/h6><p style=\"text-align: justify; font-size: 14pt;\">Ogni prodotto MYVEG \u00e8 studiato per essere completo a 360\u00b0 sia sul piano emozionale che sul piano funzionale.<\/p><p style=\"text-align: justify; font-size: 14pt;\">Andiamo oltre la condizione dell\u2019inestetismo: la bellezza deriva da esclusive combinazioni vegetali che agiscono su diversi livelli del corpo, riportando equilibrio ed energia a cute e capelli<\/p><\/div>\r\n                                    <div class=\"art-testimonial-name art-body-three-font\"><\/div>\r\n                                <\/div>\r\n                                                            <div class=\"swiper-slide testimonial-item\">\r\n                                    <div class=\"art-testimonial-data art-h5\"><h6 style=\"text-align: justify;\">SOSTENIBILIT\u00c0<\/h6><p style=\"text-align: justify; font-size: 14pt;\"><em>\"Solo ci\u00f2 che fa bene al Pianeta pu\u00f2 far bene anche a noi. Non pu\u00f2 esistere benessere senza sostenibilit\u00e0.\"<\/em><br \/>Il nostro impegno con MYVEG:<\/p><ul><li style=\"text-align: justify; font-size: 14pt;\">Packaging in vetro farmaceutico, infinitamente riciclabile;<\/li><li style=\"text-align: justify; font-size: 14pt;\">Etichette e materiali di comunicazione riciclati e certificati FSC;<\/li><li style=\"text-align: justify; font-size: 14pt;\">Produzione Made in Italy dove si utilizzano energie green proveniente da fonti di energia<br \/>rinnovabile e a risparmio idrico ed energetico, al fine di ridurre le emissioni di CO2;<\/li><li style=\"text-align: justify; font-size: 14pt;\">Esclusione di ingredienti di origine animale.<\/li><\/ul><\/div>\r\n                                    <div class=\"art-testimonial-name art-body-three-font\"><\/div>\r\n                                <\/div>\r\n                            \r\n                        <\/div>\r\n\r\n                        <!-- Add Arrows -->\r\n                        <div class=\"swiper-button-prev\"><\/div>\r\n                        <div class=\"swiper-button-next\"><\/div>\r\n\r\n                    <\/div>\r\n\r\n                <\/div>\r\n            <\/div> <!-- \/.art-right-side -->\r\n\r\n\r\n\r\n        <\/div>\r\n\r\n\r\n        \t\t\t\t<\/div>\n\t\t\t\t<\/div>\n\t\t\t\t\t<\/div>\n\t\t\t\t<\/div>\n\t\t<div class=\"elementor-element elementor-element-b625709 e-flex e-con-boxed e-con e-parent\" data-id=\"b625709\" data-element_type=\"container\" data-e-type=\"container\" data-settings=\"{&quot;background_background&quot;:&quot;classic&quot;}\">\n\t\t\t\t\t<div class=\"e-con-inner\">\n\t\t<div class=\"elementor-element elementor-element-d1ca0d2 e-con-full e-flex e-con e-child\" data-id=\"d1ca0d2\" data-element_type=\"container\" data-e-type=\"container\">\n\t\t\t\t<div class=\"elementor-element elementor-element-1c9f8f6 elementor-widget elementor-widget-image\" data-id=\"1c9f8f6\" data-element_type=\"widget\" data-e-type=\"widget\" data-widget_type=\"image.default\">\n\t\t\t\t<div class=\"elementor-widget-container\">\n\t\t\t\t\t\t\t\t\t\t\t\t\t\t\t\t<a href=\"https:\/\/www.myvegexperience.com\/\" target=\"_blank\">\n\t\t\t\t\t\t\t<img decoding=\"async\" src=\"https:\/\/ferraronisignature.com\/madtest\/wp-content\/uploads\/elementor\/thumbs\/MYVEG_Experience_logo-1-qy9b50pq7i207wn1tb6gt5m8bi82axnjqkcwe0xsnq.png\" title=\"\" alt=\"i prodotti Myveg\" loading=\"lazy\" \/>\t\t\t\t\t\t\t\t<\/a>\n\t\t\t\t\t\t\t\t\t\t\t\t\t\t\t<\/div>\n\t\t\t\t<\/div>\n\t\t\t\t<div class=\"elementor-element elementor-element-0cb01f3 elementor-widget elementor-widget-heading\" data-id=\"0cb01f3\" data-element_type=\"widget\" data-e-type=\"widget\" data-widget_type=\"heading.default\">\n\t\t\t\t<div class=\"elementor-widget-container\">\n\t\t\t\t\t<h2 class=\"elementor-heading-title elementor-size-default\"><a href=\"https:\/\/www.myvegexperience.com\/\" target=\"_blank\">Usiamo e consigliamo prodotti MYVEG\n<\/a><\/h2>\t\t\t\t<\/div>\n\t\t\t\t<\/div>\n\t\t\t\t<\/div>\n\t\t\t\t\t<\/div>\n\t\t\t\t<\/div>\n\t\t\t\t<\/div>\n\t\t","protected":false},"excerpt":{"rendered":"<p>Benvenuti nella sezione dedicata ai prodotti FERRARONI SIGNATURE HAIR SPA, dove bellezza e benessere si incontrano in un\u2019armonia perfetta. Per i nostri trattamenti e rituali abbiamo scelto MYVEG, un brand cosmetico giovane e Made in Italy che incarna la nostra filosofia di cura per il benessere delle persone e del Pianeta. La scelta di MYVEG [&hellip;]<\/p>\n","protected":false},"author":1,"featured_media":0,"parent":0,"menu_order":0,"comment_status":"closed","ping_status":"closed","template":"elementor-template.php","meta":{"_acf_changed":false,"inline_featured_image":false,"_joinchat":[],"footnotes":""},"class_list":["post-6256","page","type-page","status-publish","hentry"],"acf":[],"yoast_head":"<!-- This site is optimized with the Yoast SEO plugin v27.5 - https:\/\/yoast.com\/product\/yoast-seo-wordpress\/ -->\n<title>I Prodotti - Ferraroni Signature<\/title>\n<meta name=\"description\" content=\"Per i nostri trattamenti e rituali abbiamo scelto i prodotti MYVEG, un brand cosmetico giovane e Made in Italy\" \/>\n<meta name=\"robots\" content=\"index, follow, max-snippet:-1, max-image-preview:large, max-video-preview:-1\" \/>\n<link rel=\"canonical\" href=\"https:\/\/ferraronisignature.com\/madtest\/i-prodotti\/\" \/>\n<meta property=\"og:locale\" content=\"it_IT\" \/>\n<meta property=\"og:type\" content=\"article\" \/>\n<meta property=\"og:title\" content=\"I Prodotti - Ferraroni Signature\" \/>\n<meta property=\"og:description\" content=\"Per i nostri trattamenti e rituali abbiamo scelto i prodotti MYVEG, un brand cosmetico giovane e Made in Italy\" \/>\n<meta property=\"og:url\" content=\"https:\/\/ferraronisignature.com\/madtest\/i-prodotti\/\" \/>\n<meta property=\"og:site_name\" content=\"Ferraroni Signature\" \/>\n<meta property=\"article:publisher\" content=\"https:\/\/www.facebook.com\/ferraronisignaturehairspa\/\" \/>\n<meta property=\"article:modified_time\" content=\"2025-03-10T11:10:58+00:00\" \/>\n<meta property=\"og:image\" content=\"https:\/\/ferraronisignature.com\/madtest\/wp-content\/uploads\/2024\/12\/rigenedia_trattamento_completo-1536x728-1.jpg\" \/>\n<meta name=\"twitter:card\" content=\"summary_large_image\" \/>\n<meta name=\"twitter:label1\" content=\"Tempo di lettura stimato\" \/>\n\t<meta name=\"twitter:data1\" content=\"3 minuti\" \/>\n<script type=\"application\/ld+json\" class=\"yoast-schema-graph\">{\"@context\":\"https:\\\/\\\/schema.org\",\"@graph\":[{\"@type\":\"WebPage\",\"@id\":\"https:\\\/\\\/ferraronisignature.com\\\/madtest\\\/i-prodotti\\\/\",\"url\":\"https:\\\/\\\/ferraronisignature.com\\\/madtest\\\/i-prodotti\\\/\",\"name\":\"I Prodotti - Ferraroni Signature\",\"isPartOf\":{\"@id\":\"https:\\\/\\\/ferraronisignature.com\\\/madtest\\\/#website\"},\"primaryImageOfPage\":{\"@id\":\"https:\\\/\\\/ferraronisignature.com\\\/madtest\\\/i-prodotti\\\/#primaryimage\"},\"image\":{\"@id\":\"https:\\\/\\\/ferraronisignature.com\\\/madtest\\\/i-prodotti\\\/#primaryimage\"},\"thumbnailUrl\":\"https:\\\/\\\/ferraronisignature.com\\\/madtest\\\/wp-content\\\/uploads\\\/2024\\\/12\\\/rigenedia_trattamento_completo-1536x728-1.jpg\",\"datePublished\":\"2024-12-02T15:24:53+00:00\",\"dateModified\":\"2025-03-10T11:10:58+00:00\",\"description\":\"Per i nostri trattamenti e rituali abbiamo scelto i prodotti MYVEG, un brand cosmetico giovane e Made in Italy\",\"breadcrumb\":{\"@id\":\"https:\\\/\\\/ferraronisignature.com\\\/madtest\\\/i-prodotti\\\/#breadcrumb\"},\"inLanguage\":\"it-IT\",\"potentialAction\":[{\"@type\":\"ReadAction\",\"target\":[\"https:\\\/\\\/ferraronisignature.com\\\/madtest\\\/i-prodotti\\\/\"]}]},{\"@type\":\"ImageObject\",\"inLanguage\":\"it-IT\",\"@id\":\"https:\\\/\\\/ferraronisignature.com\\\/madtest\\\/i-prodotti\\\/#primaryimage\",\"url\":\"https:\\\/\\\/ferraronisignature.com\\\/madtest\\\/wp-content\\\/uploads\\\/2024\\\/12\\\/rigenedia_trattamento_completo-1536x728-1.jpg\",\"contentUrl\":\"https:\\\/\\\/ferraronisignature.com\\\/madtest\\\/wp-content\\\/uploads\\\/2024\\\/12\\\/rigenedia_trattamento_completo-1536x728-1.jpg\",\"width\":1536,\"height\":728,\"caption\":\"i prodotti Myveg - products\"},{\"@type\":\"BreadcrumbList\",\"@id\":\"https:\\\/\\\/ferraronisignature.com\\\/madtest\\\/i-prodotti\\\/#breadcrumb\",\"itemListElement\":[{\"@type\":\"ListItem\",\"position\":1,\"name\":\"Home\",\"item\":\"https:\\\/\\\/ferraronisignature.com\\\/\"},{\"@type\":\"ListItem\",\"position\":2,\"name\":\"I Prodotti\"}]},{\"@type\":\"WebSite\",\"@id\":\"https:\\\/\\\/ferraronisignature.com\\\/madtest\\\/#website\",\"url\":\"https:\\\/\\\/ferraronisignature.com\\\/madtest\\\/\",\"name\":\"Ferraroni Signature Hair Spa\",\"description\":\"La prima Hair Spa dedicata ai capelli in Italia\",\"publisher\":{\"@id\":\"https:\\\/\\\/ferraronisignature.com\\\/madtest\\\/#organization\"},\"alternateName\":\"Ferraroni Signature\",\"potentialAction\":[{\"@type\":\"SearchAction\",\"target\":{\"@type\":\"EntryPoint\",\"urlTemplate\":\"https:\\\/\\\/ferraronisignature.com\\\/madtest\\\/?s={search_term_string}\"},\"query-input\":{\"@type\":\"PropertyValueSpecification\",\"valueRequired\":true,\"valueName\":\"search_term_string\"}}],\"inLanguage\":\"it-IT\"},{\"@type\":\"Organization\",\"@id\":\"https:\\\/\\\/ferraronisignature.com\\\/madtest\\\/#organization\",\"name\":\"Ferraroni Signature Hair Spa\",\"alternateName\":\"Ferraroni Signature\",\"url\":\"https:\\\/\\\/ferraronisignature.com\\\/madtest\\\/\",\"logo\":{\"@type\":\"ImageObject\",\"inLanguage\":\"it-IT\",\"@id\":\"https:\\\/\\\/ferraronisignature.com\\\/madtest\\\/#\\\/schema\\\/logo\\\/image\\\/\",\"url\":\"https:\\\/\\\/ferraronisignature.com\\\/madtest\\\/wp-content\\\/uploads\\\/2025\\\/01\\\/logo_ferraroniBig.png\",\"contentUrl\":\"https:\\\/\\\/ferraronisignature.com\\\/madtest\\\/wp-content\\\/uploads\\\/2025\\\/01\\\/logo_ferraroniBig.png\",\"width\":1200,\"height\":630,\"caption\":\"Ferraroni Signature Hair Spa\"},\"image\":{\"@id\":\"https:\\\/\\\/ferraronisignature.com\\\/madtest\\\/#\\\/schema\\\/logo\\\/image\\\/\"},\"sameAs\":[\"https:\\\/\\\/www.facebook.com\\\/ferraronisignaturehairspa\\\/\",\"https:\\\/\\\/www.instagram.com\\\/ferraronisignaturehairspa\\\/\",\"https:\\\/\\\/www.youtube.com\\\/@ferraronisignaturehairspa\"]}]}<\/script>\n<!-- \/ Yoast SEO plugin. -->","yoast_head_json":{"title":"I Prodotti - Ferraroni Signature","description":"Per i nostri trattamenti e rituali abbiamo scelto i prodotti MYVEG, un brand cosmetico giovane e Made in Italy","robots":{"index":"index","follow":"follow","max-snippet":"max-snippet:-1","max-image-preview":"max-image-preview:large","max-video-preview":"max-video-preview:-1"},"canonical":"https:\/\/ferraronisignature.com\/madtest\/i-prodotti\/","og_locale":"it_IT","og_type":"article","og_title":"I Prodotti - Ferraroni Signature","og_description":"Per i nostri trattamenti e rituali abbiamo scelto i prodotti MYVEG, un brand cosmetico giovane e Made in Italy","og_url":"https:\/\/ferraronisignature.com\/madtest\/i-prodotti\/","og_site_name":"Ferraroni Signature","article_publisher":"https:\/\/www.facebook.com\/ferraronisignaturehairspa\/","article_modified_time":"2025-03-10T11:10:58+00:00","og_image":[{"url":"https:\/\/ferraronisignature.com\/madtest\/wp-content\/uploads\/2024\/12\/rigenedia_trattamento_completo-1536x728-1.jpg","type":"","width":"","height":""}],"twitter_card":"summary_large_image","twitter_misc":{"Tempo di lettura stimato":"3 minuti"},"schema":{"@context":"https:\/\/schema.org","@graph":[{"@type":"WebPage","@id":"https:\/\/ferraronisignature.com\/madtest\/i-prodotti\/","url":"https:\/\/ferraronisignature.com\/madtest\/i-prodotti\/","name":"I Prodotti - Ferraroni Signature","isPartOf":{"@id":"https:\/\/ferraronisignature.com\/madtest\/#website"},"primaryImageOfPage":{"@id":"https:\/\/ferraronisignature.com\/madtest\/i-prodotti\/#primaryimage"},"image":{"@id":"https:\/\/ferraronisignature.com\/madtest\/i-prodotti\/#primaryimage"},"thumbnailUrl":"https:\/\/ferraronisignature.com\/madtest\/wp-content\/uploads\/2024\/12\/rigenedia_trattamento_completo-1536x728-1.jpg","datePublished":"2024-12-02T15:24:53+00:00","dateModified":"2025-03-10T11:10:58+00:00","description":"Per i nostri trattamenti e rituali abbiamo scelto i prodotti MYVEG, un brand cosmetico giovane e Made in Italy","breadcrumb":{"@id":"https:\/\/ferraronisignature.com\/madtest\/i-prodotti\/#breadcrumb"},"inLanguage":"it-IT","potentialAction":[{"@type":"ReadAction","target":["https:\/\/ferraronisignature.com\/madtest\/i-prodotti\/"]}]},{"@type":"ImageObject","inLanguage":"it-IT","@id":"https:\/\/ferraronisignature.com\/madtest\/i-prodotti\/#primaryimage","url":"https:\/\/ferraronisignature.com\/madtest\/wp-content\/uploads\/2024\/12\/rigenedia_trattamento_completo-1536x728-1.jpg","contentUrl":"https:\/\/ferraronisignature.com\/madtest\/wp-content\/uploads\/2024\/12\/rigenedia_trattamento_completo-1536x728-1.jpg","width":1536,"height":728,"caption":"i prodotti Myveg - products"},{"@type":"BreadcrumbList","@id":"https:\/\/ferraronisignature.com\/madtest\/i-prodotti\/#breadcrumb","itemListElement":[{"@type":"ListItem","position":1,"name":"Home","item":"https:\/\/ferraronisignature.com\/"},{"@type":"ListItem","position":2,"name":"I Prodotti"}]},{"@type":"WebSite","@id":"https:\/\/ferraronisignature.com\/madtest\/#website","url":"https:\/\/ferraronisignature.com\/madtest\/","name":"Ferraroni Signature Hair Spa","description":"La prima Hair Spa dedicata ai capelli in Italia","publisher":{"@id":"https:\/\/ferraronisignature.com\/madtest\/#organization"},"alternateName":"Ferraroni Signature","potentialAction":[{"@type":"SearchAction","target":{"@type":"EntryPoint","urlTemplate":"https:\/\/ferraronisignature.com\/madtest\/?s={search_term_string}"},"query-input":{"@type":"PropertyValueSpecification","valueRequired":true,"valueName":"search_term_string"}}],"inLanguage":"it-IT"},{"@type":"Organization","@id":"https:\/\/ferraronisignature.com\/madtest\/#organization","name":"Ferraroni Signature Hair Spa","alternateName":"Ferraroni Signature","url":"https:\/\/ferraronisignature.com\/madtest\/","logo":{"@type":"ImageObject","inLanguage":"it-IT","@id":"https:\/\/ferraronisignature.com\/madtest\/#\/schema\/logo\/image\/","url":"https:\/\/ferraronisignature.com\/madtest\/wp-content\/uploads\/2025\/01\/logo_ferraroniBig.png","contentUrl":"https:\/\/ferraronisignature.com\/madtest\/wp-content\/uploads\/2025\/01\/logo_ferraroniBig.png","width":1200,"height":630,"caption":"Ferraroni Signature Hair Spa"},"image":{"@id":"https:\/\/ferraronisignature.com\/madtest\/#\/schema\/logo\/image\/"},"sameAs":["https:\/\/www.facebook.com\/ferraronisignaturehairspa\/","https:\/\/www.instagram.com\/ferraronisignaturehairspa\/","https:\/\/www.youtube.com\/@ferraronisignaturehairspa"]}]}},"_links":{"self":[{"href":"https:\/\/ferraronisignature.com\/madtest\/wp-json\/wp\/v2\/pages\/6256","targetHints":{"allow":["GET"]}}],"collection":[{"href":"https:\/\/ferraronisignature.com\/madtest\/wp-json\/wp\/v2\/pages"}],"about":[{"href":"https:\/\/ferraronisignature.com\/madtest\/wp-json\/wp\/v2\/types\/page"}],"author":[{"embeddable":true,"href":"https:\/\/ferraronisignature.com\/madtest\/wp-json\/wp\/v2\/users\/1"}],"replies":[{"embeddable":true,"href":"https:\/\/ferraronisignature.com\/madtest\/wp-json\/wp\/v2\/comments?post=6256"}],"version-history":[{"count":175,"href":"https:\/\/ferraronisignature.com\/madtest\/wp-json\/wp\/v2\/pages\/6256\/revisions"}],"predecessor-version":[{"id":8742,"href":"https:\/\/ferraronisignature.com\/madtest\/wp-json\/wp\/v2\/pages\/6256\/revisions\/8742"}],"wp:attachment":[{"href":"https:\/\/ferraronisignature.com\/madtest\/wp-json\/wp\/v2\/media?parent=6256"}],"curies":[{"name":"wp","href":"https:\/\/api.w.org\/{rel}","templated":true}]}}