{"id":1006,"date":"2020-07-07T14:28:22","date_gmt":"2020-07-07T14:28:22","guid":{"rendered":"https:\/\/firstsight.design\/cherie\/beauty\/?post_type=product&#038;p=1006"},"modified":"2026-03-31T08:42:33","modified_gmt":"2026-03-31T08:42:33","slug":"rigenerare","status":"publish","type":"product","link":"https:\/\/ferraronisignature.com\/madtest\/prodotto\/rigenerare\/","title":{"rendered":"Rigenerare"},"content":{"rendered":"\t\t<div data-elementor-type=\"product-post\" data-elementor-id=\"1006\" class=\"elementor elementor-1006\" data-elementor-post-type=\"product\">\n\t\t\t\t<div class=\"elementor-element elementor-element-4936868f e-flex e-con-boxed e-con e-parent\" data-id=\"4936868f\" data-element_type=\"container\" data-e-type=\"container\">\n\t\t\t\t\t<div class=\"e-con-inner\">\n\t\t\t\t<div class=\"elementor-element elementor-element-53dfee89 elementor-widget elementor-widget-text-editor\" data-id=\"53dfee89\" data-element_type=\"widget\" data-e-type=\"widget\" data-widget_type=\"text-editor.default\">\n\t\t\t\t<div class=\"elementor-widget-container\">\n\t\t\t\t\t\t\t\t\t<p style=\"text-align: justify;\">Il <em>Rituale Circadiana<\/em> \u00e8 un rituale innovativo che porta un\u2019esperienza sensoriale unica per rigenerare corpo e mente. Si ispira alla tradizionale cerimonia del t\u00e8 giapponese. Ogni fase del rituale \u00e8 pensata per rigenerare non solo i capelli, ma anche la pelle e l\u2019intero benessere psico-fisico. Con un approccio funzionale ed ecologico, il rituale si distingue per la sua formula fresca, attiva e completamente vegana, creando un\u2019armonia perfetta tra bellezza e natura.<\/p><p style=\"text-align: justify;\">Il cuore di questo rituale si svolge nella <em>Lounge<\/em>, un ambiente accogliente dove il momento del t\u00e8 diventa un\u2019esperienza intima e rilassante. Qui, i cosmetici vitali vengono applicati con cura, utilizzando principi attivi vegetali che trasferiscono la loro efficacia direttamente su pelle e capelli. Grazie a questi ingredienti naturali, ogni applicazione non solo offre una cura profonda, ma regala anche sensazioni olfattive che restano nella memoria, contribuendo a un\u2019esperienza di totale rigenerazione.<\/p><p style=\"text-align: justify;\">Il rituale di <em>ricostruzione progressiva<\/em> \u00e8 studiato per rigenerare la fibra capillare. Attraverso un\u2019azione idratante e nutriente, si preserva la struttura del capello, migliorandone la consistenza e la resistenza. Arricchito con cheratina, proteine e aminoacidi, il rituale sfrutta miscele botaniche di attivi vegetali che agiscono in sinergia per restituire vitalit\u00e0 e luminosit\u00e0 ai capelli, proteggendoli dallo stress quotidiano. Ogni ingrediente \u00e8 scelto per il suo potere rigenerante, capace di restituire forza e bellezza naturale.<\/p><p style=\"text-align: justify;\">L\u2019efficacia del <em>Rituale Circadiana<\/em> \u00e8 ulteriormente amplificata dall\u2019uso di oli essenziali vegetali puri al 100%. Questi oli naturali potenziano l\u2019azione dei principi attivi, offrendo una profonda rigenerazione che coinvolge mente e corpo. L\u2019esperienza diventa un vero e proprio viaggio sensoriale, dove la forza della natura si fonde con la delicatezza dei rituali per un benessere duraturo e totale.<\/p>\t\t\t\t\t\t\t\t<\/div>\n\t\t\t\t<\/div>\n\t\t\t\t\t<\/div>\n\t\t\t\t<\/div>\n\t\t\t\t<\/div>\n\t\t","protected":false},"excerpt":{"rendered":"<ul>\n<li><strong><em>Rituale Circadiana<\/em><\/strong><\/li>\n<li><strong><em>Momento del t\u00e8<\/em><\/strong><\/li>\n<li><strong><em>Styling finale<\/em><\/strong><\/li>\n<\/ul>\n<p style=\"text-align: justify;\"><span class=\"a_GcMg font-feature-liga-off font-feature-clig-off font-feature-calt-off text-decoration-none text-strikethrough-none\">Un\u2019esperienza sensoriale ispirata alla cerimonia del t\u00e8 giapponese, funzionale, fresca, ecologica, attiva e vegana. Utilizzando cosmetici vitali, l\u2019efficacia dei principi attivi vegetali si trasferisce su pelle e capelli, creando memorabili sensazioni olfattive. La ricostruzione progressiva rigenera, idrata e preserva la fibra capillare, fornendo struttura e nutrimento. Rintegra cheratina, proteine e aminoacidi grazie a miscele di attivi botanici pregiati, apportando benessere psico-fisico tramite blend di oli essenziali vegetali puri al 100%.<\/span><\/p>\n<p>&nbsp;<\/p>\n<p><strong>\u20ac 139,00<\/strong><\/p>\n<p><a style=\"display: inline-block; margin-top: 20px; padding: 12px 24px; background-color: #000000; color: #ffffff; text-decoration: none; border-radius: 6px; font-weight: normal; font-size: 15px; font-family: 'Jost', sans-serif; transition: background-color 0.3s ease;\" href=\"https:\/\/ferraronisignature.com\/acquista-la-tua-esperienza\/\">Acquista esperienza<\/a><\/p>\n","protected":false},"featured_media":5198,"template":"","meta":{"_acf_changed":false,"inline_featured_image":false,"_joinchat":[]},"product_brand":[],"product_cat":[554,428],"product_tag":[573,563,567,571,569,577,565,575],"class_list":{"0":"post-1006","1":"product","2":"type-product","3":"status-publish","4":"has-post-thumbnail","6":"product_cat-capelli","7":"product_cat-donna-it","8":"product_tag-benessere","9":"product_tag-capelli","10":"product_tag-cura-dei-capelli","11":"product_tag-hair-spa","12":"product_tag-hair-styling","13":"product_tag-prodotti-naturali-per-capelli","14":"product_tag-rituale-per-capelli","15":"product_tag-spa-matera","17":"first","18":"instock","19":"shipping-taxable","20":"product-type-simple"},"acf":[],"yoast_head":"<!-- This site is optimized with the Yoast SEO plugin v27.5 - https:\/\/yoast.com\/product\/yoast-seo-wordpress\/ -->\n<title>Rigenerare - Ferraroni Signature<\/title>\n<meta name=\"description\" content=\"Il Rituale Circadiana \u00e8 un rituale innovativo che porta un&#039;esperienza sensoriale unica per rigenerare corpo e mente. Scoprilo qui!\" \/>\n<meta name=\"robots\" content=\"index, follow, max-snippet:-1, max-image-preview:large, max-video-preview:-1\" \/>\n<link rel=\"canonical\" href=\"https:\/\/ferraronisignature.com\/madtest\/prodotto\/rigenerare\/\" \/>\n<meta property=\"og:locale\" content=\"it_IT\" \/>\n<meta property=\"og:type\" content=\"article\" \/>\n<meta property=\"og:title\" content=\"Rigenerare - Ferraroni Signature\" \/>\n<meta property=\"og:description\" content=\"Il Rituale Circadiana \u00e8 un rituale innovativo che porta un&#039;esperienza sensoriale unica per rigenerare corpo e mente. Scoprilo qui!\" \/>\n<meta property=\"og:url\" content=\"https:\/\/ferraronisignature.com\/madtest\/prodotto\/rigenerare\/\" \/>\n<meta property=\"og:site_name\" content=\"Ferraroni Signature\" \/>\n<meta property=\"article:publisher\" content=\"https:\/\/www.facebook.com\/ferraronisignaturehairspa\/\" \/>\n<meta property=\"article:modified_time\" content=\"2026-03-31T08:42:33+00:00\" \/>\n<meta property=\"og:image\" content=\"https:\/\/ferraronisignature.com\/madtest\/wp-content\/uploads\/2020\/07\/R-I-G-E-N-E-R-A-R-E.jpg\" \/>\n\t<meta property=\"og:image:width\" content=\"974\" \/>\n\t<meta property=\"og:image:height\" content=\"626\" \/>\n\t<meta property=\"og:image:type\" content=\"image\/jpeg\" \/>\n<meta name=\"twitter:card\" content=\"summary_large_image\" \/>\n<meta name=\"twitter:label1\" content=\"Tempo di lettura stimato\" \/>\n\t<meta name=\"twitter:data1\" content=\"2 minuti\" \/>\n<script type=\"application\/ld+json\" class=\"yoast-schema-graph\">{\"@context\":\"https:\\\/\\\/schema.org\",\"@graph\":[{\"@type\":\"WebPage\",\"@id\":\"https:\\\/\\\/ferraronisignature.com\\\/madtest\\\/prodotto\\\/rigenerare\\\/\",\"url\":\"https:\\\/\\\/ferraronisignature.com\\\/madtest\\\/prodotto\\\/rigenerare\\\/\",\"name\":\"Rigenerare - Ferraroni Signature\",\"isPartOf\":{\"@id\":\"https:\\\/\\\/ferraronisignature.com\\\/madtest\\\/#website\"},\"primaryImageOfPage\":{\"@id\":\"https:\\\/\\\/ferraronisignature.com\\\/madtest\\\/prodotto\\\/rigenerare\\\/#primaryimage\"},\"image\":{\"@id\":\"https:\\\/\\\/ferraronisignature.com\\\/madtest\\\/prodotto\\\/rigenerare\\\/#primaryimage\"},\"thumbnailUrl\":\"https:\\\/\\\/ferraronisignature.com\\\/madtest\\\/wp-content\\\/uploads\\\/2020\\\/07\\\/R-I-G-E-N-E-R-A-R-E.jpg\",\"datePublished\":\"2020-07-07T14:28:22+00:00\",\"dateModified\":\"2026-03-31T08:42:33+00:00\",\"description\":\"Il Rituale Circadiana \u00e8 un rituale innovativo che porta un'esperienza sensoriale unica per rigenerare corpo e mente. Scoprilo qui!\",\"breadcrumb\":{\"@id\":\"https:\\\/\\\/ferraronisignature.com\\\/madtest\\\/prodotto\\\/rigenerare\\\/#breadcrumb\"},\"inLanguage\":\"it-IT\",\"potentialAction\":[{\"@type\":\"ReadAction\",\"target\":[\"https:\\\/\\\/ferraronisignature.com\\\/madtest\\\/prodotto\\\/rigenerare\\\/\"]}]},{\"@type\":\"ImageObject\",\"inLanguage\":\"it-IT\",\"@id\":\"https:\\\/\\\/ferraronisignature.com\\\/madtest\\\/prodotto\\\/rigenerare\\\/#primaryimage\",\"url\":\"https:\\\/\\\/ferraronisignature.com\\\/madtest\\\/wp-content\\\/uploads\\\/2020\\\/07\\\/R-I-G-E-N-E-R-A-R-E.jpg\",\"contentUrl\":\"https:\\\/\\\/ferraronisignature.com\\\/madtest\\\/wp-content\\\/uploads\\\/2020\\\/07\\\/R-I-G-E-N-E-R-A-R-E.jpg\",\"width\":974,\"height\":626,\"caption\":\"Rigenerare. Regenerate\"},{\"@type\":\"BreadcrumbList\",\"@id\":\"https:\\\/\\\/ferraronisignature.com\\\/madtest\\\/prodotto\\\/rigenerare\\\/#breadcrumb\",\"itemListElement\":[{\"@type\":\"ListItem\",\"position\":1,\"name\":\"Home\",\"item\":\"https:\\\/\\\/ferraronisignature.com\\\/\"},{\"@type\":\"ListItem\",\"position\":2,\"name\":\"Esperienze\",\"item\":\"https:\\\/\\\/ferraronisignature.com\\\/madtest\\\/esperienze\\\/\"},{\"@type\":\"ListItem\",\"position\":3,\"name\":\"Capelli\",\"item\":\"https:\\\/\\\/ferraronisignature.com\\\/madtest\\\/product-category\\\/capelli\\\/\"},{\"@type\":\"ListItem\",\"position\":4,\"name\":\"Rigenerare\"}]},{\"@type\":\"WebSite\",\"@id\":\"https:\\\/\\\/ferraronisignature.com\\\/madtest\\\/#website\",\"url\":\"https:\\\/\\\/ferraronisignature.com\\\/madtest\\\/\",\"name\":\"Ferraroni Signature Hair Spa\",\"description\":\"La prima Hair Spa dedicata ai capelli in Italia\",\"publisher\":{\"@id\":\"https:\\\/\\\/ferraronisignature.com\\\/madtest\\\/#organization\"},\"alternateName\":\"Ferraroni Signature\",\"potentialAction\":[{\"@type\":\"SearchAction\",\"target\":{\"@type\":\"EntryPoint\",\"urlTemplate\":\"https:\\\/\\\/ferraronisignature.com\\\/madtest\\\/?s={search_term_string}\"},\"query-input\":{\"@type\":\"PropertyValueSpecification\",\"valueRequired\":true,\"valueName\":\"search_term_string\"}}],\"inLanguage\":\"it-IT\"},{\"@type\":\"Organization\",\"@id\":\"https:\\\/\\\/ferraronisignature.com\\\/madtest\\\/#organization\",\"name\":\"Ferraroni Signature Hair Spa\",\"alternateName\":\"Ferraroni Signature\",\"url\":\"https:\\\/\\\/ferraronisignature.com\\\/madtest\\\/\",\"logo\":{\"@type\":\"ImageObject\",\"inLanguage\":\"it-IT\",\"@id\":\"https:\\\/\\\/ferraronisignature.com\\\/madtest\\\/#\\\/schema\\\/logo\\\/image\\\/\",\"url\":\"https:\\\/\\\/ferraronisignature.com\\\/madtest\\\/wp-content\\\/uploads\\\/2025\\\/01\\\/logo_ferraroniBig.png\",\"contentUrl\":\"https:\\\/\\\/ferraronisignature.com\\\/madtest\\\/wp-content\\\/uploads\\\/2025\\\/01\\\/logo_ferraroniBig.png\",\"width\":1200,\"height\":630,\"caption\":\"Ferraroni Signature Hair Spa\"},\"image\":{\"@id\":\"https:\\\/\\\/ferraronisignature.com\\\/madtest\\\/#\\\/schema\\\/logo\\\/image\\\/\"},\"sameAs\":[\"https:\\\/\\\/www.facebook.com\\\/ferraronisignaturehairspa\\\/\",\"https:\\\/\\\/www.instagram.com\\\/ferraronisignaturehairspa\\\/\",\"https:\\\/\\\/www.youtube.com\\\/@ferraronisignaturehairspa\"]}]}<\/script>\n<!-- \/ Yoast SEO plugin. -->","yoast_head_json":{"title":"Rigenerare - Ferraroni Signature","description":"Il Rituale Circadiana \u00e8 un rituale innovativo che porta un'esperienza sensoriale unica per rigenerare corpo e mente. Scoprilo qui!","robots":{"index":"index","follow":"follow","max-snippet":"max-snippet:-1","max-image-preview":"max-image-preview:large","max-video-preview":"max-video-preview:-1"},"canonical":"https:\/\/ferraronisignature.com\/madtest\/prodotto\/rigenerare\/","og_locale":"it_IT","og_type":"article","og_title":"Rigenerare - Ferraroni Signature","og_description":"Il Rituale Circadiana \u00e8 un rituale innovativo che porta un'esperienza sensoriale unica per rigenerare corpo e mente. Scoprilo qui!","og_url":"https:\/\/ferraronisignature.com\/madtest\/prodotto\/rigenerare\/","og_site_name":"Ferraroni Signature","article_publisher":"https:\/\/www.facebook.com\/ferraronisignaturehairspa\/","article_modified_time":"2026-03-31T08:42:33+00:00","og_image":[{"width":974,"height":626,"url":"https:\/\/ferraronisignature.com\/madtest\/wp-content\/uploads\/2020\/07\/R-I-G-E-N-E-R-A-R-E.jpg","type":"image\/jpeg"}],"twitter_card":"summary_large_image","twitter_misc":{"Tempo di lettura stimato":"2 minuti"},"schema":{"@context":"https:\/\/schema.org","@graph":[{"@type":"WebPage","@id":"https:\/\/ferraronisignature.com\/madtest\/prodotto\/rigenerare\/","url":"https:\/\/ferraronisignature.com\/madtest\/prodotto\/rigenerare\/","name":"Rigenerare - Ferraroni Signature","isPartOf":{"@id":"https:\/\/ferraronisignature.com\/madtest\/#website"},"primaryImageOfPage":{"@id":"https:\/\/ferraronisignature.com\/madtest\/prodotto\/rigenerare\/#primaryimage"},"image":{"@id":"https:\/\/ferraronisignature.com\/madtest\/prodotto\/rigenerare\/#primaryimage"},"thumbnailUrl":"https:\/\/ferraronisignature.com\/madtest\/wp-content\/uploads\/2020\/07\/R-I-G-E-N-E-R-A-R-E.jpg","datePublished":"2020-07-07T14:28:22+00:00","dateModified":"2026-03-31T08:42:33+00:00","description":"Il Rituale Circadiana \u00e8 un rituale innovativo che porta un'esperienza sensoriale unica per rigenerare corpo e mente. Scoprilo qui!","breadcrumb":{"@id":"https:\/\/ferraronisignature.com\/madtest\/prodotto\/rigenerare\/#breadcrumb"},"inLanguage":"it-IT","potentialAction":[{"@type":"ReadAction","target":["https:\/\/ferraronisignature.com\/madtest\/prodotto\/rigenerare\/"]}]},{"@type":"ImageObject","inLanguage":"it-IT","@id":"https:\/\/ferraronisignature.com\/madtest\/prodotto\/rigenerare\/#primaryimage","url":"https:\/\/ferraronisignature.com\/madtest\/wp-content\/uploads\/2020\/07\/R-I-G-E-N-E-R-A-R-E.jpg","contentUrl":"https:\/\/ferraronisignature.com\/madtest\/wp-content\/uploads\/2020\/07\/R-I-G-E-N-E-R-A-R-E.jpg","width":974,"height":626,"caption":"Rigenerare. Regenerate"},{"@type":"BreadcrumbList","@id":"https:\/\/ferraronisignature.com\/madtest\/prodotto\/rigenerare\/#breadcrumb","itemListElement":[{"@type":"ListItem","position":1,"name":"Home","item":"https:\/\/ferraronisignature.com\/"},{"@type":"ListItem","position":2,"name":"Esperienze","item":"https:\/\/ferraronisignature.com\/madtest\/esperienze\/"},{"@type":"ListItem","position":3,"name":"Capelli","item":"https:\/\/ferraronisignature.com\/madtest\/product-category\/capelli\/"},{"@type":"ListItem","position":4,"name":"Rigenerare"}]},{"@type":"WebSite","@id":"https:\/\/ferraronisignature.com\/madtest\/#website","url":"https:\/\/ferraronisignature.com\/madtest\/","name":"Ferraroni Signature Hair Spa","description":"La prima Hair Spa dedicata ai capelli in Italia","publisher":{"@id":"https:\/\/ferraronisignature.com\/madtest\/#organization"},"alternateName":"Ferraroni Signature","potentialAction":[{"@type":"SearchAction","target":{"@type":"EntryPoint","urlTemplate":"https:\/\/ferraronisignature.com\/madtest\/?s={search_term_string}"},"query-input":{"@type":"PropertyValueSpecification","valueRequired":true,"valueName":"search_term_string"}}],"inLanguage":"it-IT"},{"@type":"Organization","@id":"https:\/\/ferraronisignature.com\/madtest\/#organization","name":"Ferraroni Signature Hair Spa","alternateName":"Ferraroni Signature","url":"https:\/\/ferraronisignature.com\/madtest\/","logo":{"@type":"ImageObject","inLanguage":"it-IT","@id":"https:\/\/ferraronisignature.com\/madtest\/#\/schema\/logo\/image\/","url":"https:\/\/ferraronisignature.com\/madtest\/wp-content\/uploads\/2025\/01\/logo_ferraroniBig.png","contentUrl":"https:\/\/ferraronisignature.com\/madtest\/wp-content\/uploads\/2025\/01\/logo_ferraroniBig.png","width":1200,"height":630,"caption":"Ferraroni Signature Hair Spa"},"image":{"@id":"https:\/\/ferraronisignature.com\/madtest\/#\/schema\/logo\/image\/"},"sameAs":["https:\/\/www.facebook.com\/ferraronisignaturehairspa\/","https:\/\/www.instagram.com\/ferraronisignaturehairspa\/","https:\/\/www.youtube.com\/@ferraronisignaturehairspa"]}]}},"_links":{"self":[{"href":"https:\/\/ferraronisignature.com\/madtest\/wp-json\/wp\/v2\/product\/1006","targetHints":{"allow":["GET"]}}],"collection":[{"href":"https:\/\/ferraronisignature.com\/madtest\/wp-json\/wp\/v2\/product"}],"about":[{"href":"https:\/\/ferraronisignature.com\/madtest\/wp-json\/wp\/v2\/types\/product"}],"version-history":[{"count":18,"href":"https:\/\/ferraronisignature.com\/madtest\/wp-json\/wp\/v2\/product\/1006\/revisions"}],"predecessor-version":[{"id":10860,"href":"https:\/\/ferraronisignature.com\/madtest\/wp-json\/wp\/v2\/product\/1006\/revisions\/10860"}],"wp:featuredmedia":[{"embeddable":true,"href":"https:\/\/ferraronisignature.com\/madtest\/wp-json\/wp\/v2\/media\/5198"}],"wp:attachment":[{"href":"https:\/\/ferraronisignature.com\/madtest\/wp-json\/wp\/v2\/media?parent=1006"}],"wp:term":[{"taxonomy":"product_brand","embeddable":true,"href":"https:\/\/ferraronisignature.com\/madtest\/wp-json\/wp\/v2\/product_brand?post=1006"},{"taxonomy":"product_cat","embeddable":true,"href":"https:\/\/ferraronisignature.com\/madtest\/wp-json\/wp\/v2\/product_cat?post=1006"},{"taxonomy":"product_tag","embeddable":true,"href":"https:\/\/ferraronisignature.com\/madtest\/wp-json\/wp\/v2\/product_tag?post=1006"}],"curies":[{"name":"wp","href":"https:\/\/api.w.org\/{rel}","templated":true}]}}