{"id":5123,"date":"2024-11-19T12:54:15","date_gmt":"2024-11-19T12:54:15","guid":{"rendered":"https:\/\/ferraronisignature.com\/madtest\/?post_type=product&#038;p=5123"},"modified":"2026-03-31T08:44:20","modified_gmt":"2026-03-31T08:44:20","slug":"piega-olistica","status":"publish","type":"product","link":"https:\/\/ferraronisignature.com\/madtest\/prodotto\/piega-olistica\/","title":{"rendered":"Piega Olistica"},"content":{"rendered":"\t\t<div data-elementor-type=\"product-post\" data-elementor-id=\"5123\" class=\"elementor elementor-5123\" data-elementor-post-type=\"product\">\n\t\t\t\t<div class=\"elementor-element elementor-element-2e4d20ed e-flex e-con-boxed e-con e-parent\" data-id=\"2e4d20ed\" data-element_type=\"container\" data-e-type=\"container\">\n\t\t\t\t\t<div class=\"e-con-inner\">\n\t\t\t\t<div class=\"elementor-element elementor-element-c833867 elementor-widget elementor-widget-text-editor\" data-id=\"c833867\" data-element_type=\"widget\" data-e-type=\"widget\" data-widget_type=\"text-editor.default\">\n\t\t\t\t<div class=\"elementor-widget-container\">\n\t\t\t\t\t\t\t\t\t<p style=\"text-align: justify;\">La <em>Piega Olistica<\/em> \u00e8 un rituale esclusivo che trasforma il trattamento dei capelli in un\u2019esperienza sensoriale unica. Pi\u00f9 di una semplice piega, questo rituale integra benessere e bellezza, grazie all\u2019utilizzo di oli essenziali pregiati e acqua termale. Ogni ingrediente \u00e8 scelto in base al tuo stato d\u2019animo, creando una combinazione perfetta per il tuo equilibrio psicofisico.<\/p><p style=\"text-align: justify;\">Disteso su un comodo lettino massaggiante, puoi lasciarti andare completamente al relax. Il rituale della <em>Piega Olistica<\/em> non \u00e8 solo un\u2019opportunit\u00e0 per prendersi cura dei capelli, ma \u00e8 anche un viaggio attraverso il benessere profondo. L\u2019atmosfera che ti circonda \u00e8 pensata per favorire il rilassamento: la luce soffusa e i suoni delicati contribuiscono a creare una sensazione di pace e armonia.<\/p><p style=\"text-align: justify;\">Durante la <em>Piega Olistica<\/em>, l\u2019essenza degli oli essenziali avvolge i tuoi sensi. I profumi naturali, selezionati in base alle tue necessit\u00e0, accompagnano ogni fase del rituale, favorendo il rilascio di tensione e stress. Il risultato non \u00e8 solo una piega perfetta, ma anche una sensazione di serenit\u00e0 che dura a lungo.<\/p><p style=\"text-align: justify;\">La <em>Piega Olistica<\/em> non si limita a curare i tuoi capelli, ma contribuisce a migliorare anche il tuo stato d\u2019animo. Ogni passaggio del rituale \u00e8 pensato per donarti luminosit\u00e0, ma soprattutto serenit\u00e0. Un\u2019esperienza completa, che unisce cura dei capelli e benessere interiore, per una bellezza che nasce dall\u2019equilibrio totale del corpo e della mente.<\/p>\t\t\t\t\t\t\t\t<\/div>\n\t\t\t\t<\/div>\n\t\t\t\t\t<\/div>\n\t\t\t\t<\/div>\n\t\t\t\t<\/div>\n\t\t","protected":false},"excerpt":{"rendered":"<ul>\n<li style=\"text-align: justify;\"><strong><em>Piega Olistica<\/em><\/strong><\/li>\n<li style=\"text-align: justify;\"><strong><em>Meditazione Guidata<\/em><\/strong><\/li>\n<\/ul>\n<p style=\"text-align: justify;\"><span class=\"a_GcMg font-feature-liga-off font-feature-clig-off font-feature-calt-off text-decoration-none text-strikethrough-none\">Piega Olistica \u00e8 un esclusivo rituale di lavaggio e piega stilistica che trasforma la cura dei capelli in un\u2019esperienza sensoriale unica. A base di oli essenziali e acqua termale, ogni ingrediente \u00e8 scelto in base al tuo stato d\u2019animo, creando un perfetto equilibrio tra benessere e bellezza. Disteso su un avvolgente lettino massaggiante, rilassi i muscoli e ti immergi in un\u2019atmosfera di pura armonia. Il profumo degli oli essenziali stimola i tuoi sensi, rendendo ogni istante un viaggio di relax. La cura dei tuoi capelli diventa cos\u00ec un\u2019esperienza completa di luminosit\u00e0 e serenit\u00e0.<\/span><\/p>\n<p>&nbsp;<\/p>\n<p><strong>\u20ac 77,00<\/strong><\/p>\n<p><a style=\"display: inline-block; margin-top: 20px; padding: 12px 24px; background-color: #000000; color: #ffffff; text-decoration: none; border-radius: 6px; font-weight: normal; font-size: 15px; font-family: 'Jost', sans-serif; transition: background-color 0.3s ease;\" href=\"https:\/\/ferraronisignature.com\/acquista-la-tua-esperienza\/\">Acquista esperienza<\/a><\/p>\n","protected":false},"featured_media":5201,"template":"","meta":{"_acf_changed":false,"inline_featured_image":false,"_joinchat":[]},"product_brand":[],"product_cat":[554,428],"product_tag":[573,563,567,571,569,577,565,575],"class_list":{"0":"post-5123","1":"product","2":"type-product","3":"status-publish","4":"has-post-thumbnail","6":"product_cat-capelli","7":"product_cat-donna-it","8":"product_tag-benessere","9":"product_tag-capelli","10":"product_tag-cura-dei-capelli","11":"product_tag-hair-spa","12":"product_tag-hair-styling","13":"product_tag-prodotti-naturali-per-capelli","14":"product_tag-rituale-per-capelli","15":"product_tag-spa-matera","17":"first","18":"instock","19":"shipping-taxable","20":"product-type-simple"},"acf":[],"yoast_head":"<!-- This site is optimized with the Yoast SEO plugin v27.5 - https:\/\/yoast.com\/product\/yoast-seo-wordpress\/ -->\n<title>Piega Olistica - Ferraroni Signature<\/title>\n<meta name=\"description\" content=\"La Piega Olistica \u00e8 un rituale esclusivo che trasforma il trattamento dei capelli in un&#039;esperienza sensoriale unica, grazie all\u2019utilizzo dell&#039;acqua termale\" \/>\n<meta name=\"robots\" content=\"index, follow, max-snippet:-1, max-image-preview:large, max-video-preview:-1\" \/>\n<link rel=\"canonical\" href=\"https:\/\/ferraronisignature.com\/madtest\/prodotto\/piega-olistica\/\" \/>\n<meta property=\"og:locale\" content=\"it_IT\" \/>\n<meta property=\"og:type\" content=\"article\" \/>\n<meta property=\"og:title\" content=\"Piega Olistica - Ferraroni Signature\" \/>\n<meta property=\"og:description\" content=\"La Piega Olistica \u00e8 un rituale esclusivo che trasforma il trattamento dei capelli in un&#039;esperienza sensoriale unica, grazie all\u2019utilizzo dell&#039;acqua termale\" \/>\n<meta property=\"og:url\" content=\"https:\/\/ferraronisignature.com\/madtest\/prodotto\/piega-olistica\/\" \/>\n<meta property=\"og:site_name\" content=\"Ferraroni Signature\" \/>\n<meta property=\"article:publisher\" content=\"https:\/\/www.facebook.com\/ferraronisignaturehairspa\/\" \/>\n<meta property=\"article:modified_time\" content=\"2026-03-31T08:44:20+00:00\" \/>\n<meta property=\"og:image\" content=\"https:\/\/ferraronisignature.com\/madtest\/wp-content\/uploads\/2024\/11\/P-I-E-G-A-O-L-I-S-T-I-C-A.jpg\" \/>\n\t<meta property=\"og:image:width\" content=\"974\" \/>\n\t<meta property=\"og:image:height\" content=\"626\" \/>\n\t<meta property=\"og:image:type\" content=\"image\/jpeg\" \/>\n<meta name=\"twitter:card\" content=\"summary_large_image\" \/>\n<meta name=\"twitter:label1\" content=\"Tempo di lettura stimato\" \/>\n\t<meta name=\"twitter:data1\" content=\"2 minuti\" \/>\n<script type=\"application\/ld+json\" class=\"yoast-schema-graph\">{\"@context\":\"https:\\\/\\\/schema.org\",\"@graph\":[{\"@type\":\"WebPage\",\"@id\":\"https:\\\/\\\/ferraronisignature.com\\\/madtest\\\/prodotto\\\/piega-olistica\\\/\",\"url\":\"https:\\\/\\\/ferraronisignature.com\\\/madtest\\\/prodotto\\\/piega-olistica\\\/\",\"name\":\"Piega Olistica - Ferraroni Signature\",\"isPartOf\":{\"@id\":\"https:\\\/\\\/ferraronisignature.com\\\/madtest\\\/#website\"},\"primaryImageOfPage\":{\"@id\":\"https:\\\/\\\/ferraronisignature.com\\\/madtest\\\/prodotto\\\/piega-olistica\\\/#primaryimage\"},\"image\":{\"@id\":\"https:\\\/\\\/ferraronisignature.com\\\/madtest\\\/prodotto\\\/piega-olistica\\\/#primaryimage\"},\"thumbnailUrl\":\"https:\\\/\\\/ferraronisignature.com\\\/madtest\\\/wp-content\\\/uploads\\\/2024\\\/11\\\/P-I-E-G-A-O-L-I-S-T-I-C-A.jpg\",\"datePublished\":\"2024-11-19T12:54:15+00:00\",\"dateModified\":\"2026-03-31T08:44:20+00:00\",\"description\":\"La Piega Olistica \u00e8 un rituale esclusivo che trasforma il trattamento dei capelli in un'esperienza sensoriale unica, grazie all\u2019utilizzo dell'acqua termale\",\"breadcrumb\":{\"@id\":\"https:\\\/\\\/ferraronisignature.com\\\/madtest\\\/prodotto\\\/piega-olistica\\\/#breadcrumb\"},\"inLanguage\":\"it-IT\",\"potentialAction\":[{\"@type\":\"ReadAction\",\"target\":[\"https:\\\/\\\/ferraronisignature.com\\\/madtest\\\/prodotto\\\/piega-olistica\\\/\"]}]},{\"@type\":\"ImageObject\",\"inLanguage\":\"it-IT\",\"@id\":\"https:\\\/\\\/ferraronisignature.com\\\/madtest\\\/prodotto\\\/piega-olistica\\\/#primaryimage\",\"url\":\"https:\\\/\\\/ferraronisignature.com\\\/madtest\\\/wp-content\\\/uploads\\\/2024\\\/11\\\/P-I-E-G-A-O-L-I-S-T-I-C-A.jpg\",\"contentUrl\":\"https:\\\/\\\/ferraronisignature.com\\\/madtest\\\/wp-content\\\/uploads\\\/2024\\\/11\\\/P-I-E-G-A-O-L-I-S-T-I-C-A.jpg\",\"width\":974,\"height\":626,\"caption\":\"Piega Olistica. Holistic Blow-dry\"},{\"@type\":\"BreadcrumbList\",\"@id\":\"https:\\\/\\\/ferraronisignature.com\\\/madtest\\\/prodotto\\\/piega-olistica\\\/#breadcrumb\",\"itemListElement\":[{\"@type\":\"ListItem\",\"position\":1,\"name\":\"Home\",\"item\":\"https:\\\/\\\/ferraronisignature.com\\\/\"},{\"@type\":\"ListItem\",\"position\":2,\"name\":\"Esperienze\",\"item\":\"https:\\\/\\\/ferraronisignature.com\\\/madtest\\\/esperienze\\\/\"},{\"@type\":\"ListItem\",\"position\":3,\"name\":\"Capelli\",\"item\":\"https:\\\/\\\/ferraronisignature.com\\\/madtest\\\/product-category\\\/capelli\\\/\"},{\"@type\":\"ListItem\",\"position\":4,\"name\":\"Piega Olistica\"}]},{\"@type\":\"WebSite\",\"@id\":\"https:\\\/\\\/ferraronisignature.com\\\/madtest\\\/#website\",\"url\":\"https:\\\/\\\/ferraronisignature.com\\\/madtest\\\/\",\"name\":\"Ferraroni Signature Hair Spa\",\"description\":\"La prima Hair Spa dedicata ai capelli in Italia\",\"publisher\":{\"@id\":\"https:\\\/\\\/ferraronisignature.com\\\/madtest\\\/#organization\"},\"alternateName\":\"Ferraroni Signature\",\"potentialAction\":[{\"@type\":\"SearchAction\",\"target\":{\"@type\":\"EntryPoint\",\"urlTemplate\":\"https:\\\/\\\/ferraronisignature.com\\\/madtest\\\/?s={search_term_string}\"},\"query-input\":{\"@type\":\"PropertyValueSpecification\",\"valueRequired\":true,\"valueName\":\"search_term_string\"}}],\"inLanguage\":\"it-IT\"},{\"@type\":\"Organization\",\"@id\":\"https:\\\/\\\/ferraronisignature.com\\\/madtest\\\/#organization\",\"name\":\"Ferraroni Signature Hair Spa\",\"alternateName\":\"Ferraroni Signature\",\"url\":\"https:\\\/\\\/ferraronisignature.com\\\/madtest\\\/\",\"logo\":{\"@type\":\"ImageObject\",\"inLanguage\":\"it-IT\",\"@id\":\"https:\\\/\\\/ferraronisignature.com\\\/madtest\\\/#\\\/schema\\\/logo\\\/image\\\/\",\"url\":\"https:\\\/\\\/ferraronisignature.com\\\/madtest\\\/wp-content\\\/uploads\\\/2025\\\/01\\\/logo_ferraroniBig.png\",\"contentUrl\":\"https:\\\/\\\/ferraronisignature.com\\\/madtest\\\/wp-content\\\/uploads\\\/2025\\\/01\\\/logo_ferraroniBig.png\",\"width\":1200,\"height\":630,\"caption\":\"Ferraroni Signature Hair Spa\"},\"image\":{\"@id\":\"https:\\\/\\\/ferraronisignature.com\\\/madtest\\\/#\\\/schema\\\/logo\\\/image\\\/\"},\"sameAs\":[\"https:\\\/\\\/www.facebook.com\\\/ferraronisignaturehairspa\\\/\",\"https:\\\/\\\/www.instagram.com\\\/ferraronisignaturehairspa\\\/\",\"https:\\\/\\\/www.youtube.com\\\/@ferraronisignaturehairspa\"]}]}<\/script>\n<!-- \/ Yoast SEO plugin. -->","yoast_head_json":{"title":"Piega Olistica - Ferraroni Signature","description":"La Piega Olistica \u00e8 un rituale esclusivo che trasforma il trattamento dei capelli in un'esperienza sensoriale unica, grazie all\u2019utilizzo dell'acqua termale","robots":{"index":"index","follow":"follow","max-snippet":"max-snippet:-1","max-image-preview":"max-image-preview:large","max-video-preview":"max-video-preview:-1"},"canonical":"https:\/\/ferraronisignature.com\/madtest\/prodotto\/piega-olistica\/","og_locale":"it_IT","og_type":"article","og_title":"Piega Olistica - Ferraroni Signature","og_description":"La Piega Olistica \u00e8 un rituale esclusivo che trasforma il trattamento dei capelli in un'esperienza sensoriale unica, grazie all\u2019utilizzo dell'acqua termale","og_url":"https:\/\/ferraronisignature.com\/madtest\/prodotto\/piega-olistica\/","og_site_name":"Ferraroni Signature","article_publisher":"https:\/\/www.facebook.com\/ferraronisignaturehairspa\/","article_modified_time":"2026-03-31T08:44:20+00:00","og_image":[{"width":974,"height":626,"url":"https:\/\/ferraronisignature.com\/madtest\/wp-content\/uploads\/2024\/11\/P-I-E-G-A-O-L-I-S-T-I-C-A.jpg","type":"image\/jpeg"}],"twitter_card":"summary_large_image","twitter_misc":{"Tempo di lettura stimato":"2 minuti"},"schema":{"@context":"https:\/\/schema.org","@graph":[{"@type":"WebPage","@id":"https:\/\/ferraronisignature.com\/madtest\/prodotto\/piega-olistica\/","url":"https:\/\/ferraronisignature.com\/madtest\/prodotto\/piega-olistica\/","name":"Piega Olistica - Ferraroni Signature","isPartOf":{"@id":"https:\/\/ferraronisignature.com\/madtest\/#website"},"primaryImageOfPage":{"@id":"https:\/\/ferraronisignature.com\/madtest\/prodotto\/piega-olistica\/#primaryimage"},"image":{"@id":"https:\/\/ferraronisignature.com\/madtest\/prodotto\/piega-olistica\/#primaryimage"},"thumbnailUrl":"https:\/\/ferraronisignature.com\/madtest\/wp-content\/uploads\/2024\/11\/P-I-E-G-A-O-L-I-S-T-I-C-A.jpg","datePublished":"2024-11-19T12:54:15+00:00","dateModified":"2026-03-31T08:44:20+00:00","description":"La Piega Olistica \u00e8 un rituale esclusivo che trasforma il trattamento dei capelli in un'esperienza sensoriale unica, grazie all\u2019utilizzo dell'acqua termale","breadcrumb":{"@id":"https:\/\/ferraronisignature.com\/madtest\/prodotto\/piega-olistica\/#breadcrumb"},"inLanguage":"it-IT","potentialAction":[{"@type":"ReadAction","target":["https:\/\/ferraronisignature.com\/madtest\/prodotto\/piega-olistica\/"]}]},{"@type":"ImageObject","inLanguage":"it-IT","@id":"https:\/\/ferraronisignature.com\/madtest\/prodotto\/piega-olistica\/#primaryimage","url":"https:\/\/ferraronisignature.com\/madtest\/wp-content\/uploads\/2024\/11\/P-I-E-G-A-O-L-I-S-T-I-C-A.jpg","contentUrl":"https:\/\/ferraronisignature.com\/madtest\/wp-content\/uploads\/2024\/11\/P-I-E-G-A-O-L-I-S-T-I-C-A.jpg","width":974,"height":626,"caption":"Piega Olistica. Holistic Blow-dry"},{"@type":"BreadcrumbList","@id":"https:\/\/ferraronisignature.com\/madtest\/prodotto\/piega-olistica\/#breadcrumb","itemListElement":[{"@type":"ListItem","position":1,"name":"Home","item":"https:\/\/ferraronisignature.com\/"},{"@type":"ListItem","position":2,"name":"Esperienze","item":"https:\/\/ferraronisignature.com\/madtest\/esperienze\/"},{"@type":"ListItem","position":3,"name":"Capelli","item":"https:\/\/ferraronisignature.com\/madtest\/product-category\/capelli\/"},{"@type":"ListItem","position":4,"name":"Piega Olistica"}]},{"@type":"WebSite","@id":"https:\/\/ferraronisignature.com\/madtest\/#website","url":"https:\/\/ferraronisignature.com\/madtest\/","name":"Ferraroni Signature Hair Spa","description":"La prima Hair Spa dedicata ai capelli in Italia","publisher":{"@id":"https:\/\/ferraronisignature.com\/madtest\/#organization"},"alternateName":"Ferraroni Signature","potentialAction":[{"@type":"SearchAction","target":{"@type":"EntryPoint","urlTemplate":"https:\/\/ferraronisignature.com\/madtest\/?s={search_term_string}"},"query-input":{"@type":"PropertyValueSpecification","valueRequired":true,"valueName":"search_term_string"}}],"inLanguage":"it-IT"},{"@type":"Organization","@id":"https:\/\/ferraronisignature.com\/madtest\/#organization","name":"Ferraroni Signature Hair Spa","alternateName":"Ferraroni Signature","url":"https:\/\/ferraronisignature.com\/madtest\/","logo":{"@type":"ImageObject","inLanguage":"it-IT","@id":"https:\/\/ferraronisignature.com\/madtest\/#\/schema\/logo\/image\/","url":"https:\/\/ferraronisignature.com\/madtest\/wp-content\/uploads\/2025\/01\/logo_ferraroniBig.png","contentUrl":"https:\/\/ferraronisignature.com\/madtest\/wp-content\/uploads\/2025\/01\/logo_ferraroniBig.png","width":1200,"height":630,"caption":"Ferraroni Signature Hair Spa"},"image":{"@id":"https:\/\/ferraronisignature.com\/madtest\/#\/schema\/logo\/image\/"},"sameAs":["https:\/\/www.facebook.com\/ferraronisignaturehairspa\/","https:\/\/www.instagram.com\/ferraronisignaturehairspa\/","https:\/\/www.youtube.com\/@ferraronisignaturehairspa"]}]}},"_links":{"self":[{"href":"https:\/\/ferraronisignature.com\/madtest\/wp-json\/wp\/v2\/product\/5123","targetHints":{"allow":["GET"]}}],"collection":[{"href":"https:\/\/ferraronisignature.com\/madtest\/wp-json\/wp\/v2\/product"}],"about":[{"href":"https:\/\/ferraronisignature.com\/madtest\/wp-json\/wp\/v2\/types\/product"}],"version-history":[{"count":12,"href":"https:\/\/ferraronisignature.com\/madtest\/wp-json\/wp\/v2\/product\/5123\/revisions"}],"predecessor-version":[{"id":10862,"href":"https:\/\/ferraronisignature.com\/madtest\/wp-json\/wp\/v2\/product\/5123\/revisions\/10862"}],"wp:featuredmedia":[{"embeddable":true,"href":"https:\/\/ferraronisignature.com\/madtest\/wp-json\/wp\/v2\/media\/5201"}],"wp:attachment":[{"href":"https:\/\/ferraronisignature.com\/madtest\/wp-json\/wp\/v2\/media?parent=5123"}],"wp:term":[{"taxonomy":"product_brand","embeddable":true,"href":"https:\/\/ferraronisignature.com\/madtest\/wp-json\/wp\/v2\/product_brand?post=5123"},{"taxonomy":"product_cat","embeddable":true,"href":"https:\/\/ferraronisignature.com\/madtest\/wp-json\/wp\/v2\/product_cat?post=5123"},{"taxonomy":"product_tag","embeddable":true,"href":"https:\/\/ferraronisignature.com\/madtest\/wp-json\/wp\/v2\/product_tag?post=5123"}],"curies":[{"name":"wp","href":"https:\/\/api.w.org\/{rel}","templated":true}]}}