{"id":5141,"date":"2024-11-19T13:25:22","date_gmt":"2024-11-19T13:25:22","guid":{"rendered":"https:\/\/ferraronisignature.com\/madtest\/?post_type=product&#038;p=5141"},"modified":"2026-03-31T09:02:16","modified_gmt":"2026-03-31T09:02:16","slug":"idra","status":"publish","type":"product","link":"https:\/\/ferraronisignature.com\/madtest\/prodotto\/idra\/","title":{"rendered":"Idra"},"content":{"rendered":"<p style=\"text-align: justify;\">Immergiti in un\u2019esperienza di benessere totale con il nostro esclusivo Rituale Idra, studiato per donare bellezza, vitalit\u00e0 ai capelli e rilassare il corpo e la mente. Grazie all\u2019impiego di cosmesi vitale e preziosi estratti vegetali, i tuoi capelli ritroveranno struttura, morbidezza e lucentezza. Ogni fase del rituale \u00e8 pensata per nutrire in profondit\u00e0 la fibra capillare, restituendole forza ed elasticit\u00e0.<\/p>\n<p style=\"text-align: justify;\">L\u2019esperienza prosegue con un massaggio energizzante, un momento dedicato al riequilibrio fisico ed emozionale. Le manualit\u00e0 esperte dei nostri professionisti stimolano la circolazione, sciolgono le tensioni accumulate e favoriscono un profondo stato di rilassamento. Questo rituale su misura \u00e8 un vero toccasana per il corpo e la mente, che riequilibra le energie e dona una sensazione di leggerezza.<\/p>\n<p style=\"text-align: justify;\">Per completare questa esperienza di puro benessere, il tocco finale dello styling esalter\u00e0 la naturale bellezza dei tuoi capelli. Tecniche personalizzate e prodotti di alta qualit\u00e0 renderanno la tua chioma luminosa e curata, per un look raffinato e in armonia con la tua essenza.<\/p>\n<p style=\"text-align: justify;\">Lasciati avvolgere dal potere rigenerante di Idra e riscopri il piacere di prenderti cura di te stesso. Un rituale di bellezza che va oltre l\u2019estetica, trasformandosi in un autentico momento di rinascita e splendore.<\/p>\n","protected":false},"excerpt":{"rendered":"<ul>\n<li><strong><em><span class=\"fontstyle0\">Rituale Nutrimento intenso<\/span><\/em><\/strong><\/li>\n<li><strong><em><span class=\"fontstyle0\">Massaggio Energizzante<\/span><\/em><\/strong><\/li>\n<li><em><strong><span class=\"fontstyle0\">Styling<\/span><\/strong><br \/>\n<\/em><\/li>\n<\/ul>\n<p style=\"text-align: justify;\"><span class=\"a_GcMg font-feature-liga-off font-feature-clig-off font-feature-calt-off text-decoration-none text-strikethrough-none\">Esplora il nostro esclusivo percorso di bellezza, dove l&#8217;elegante rituale capillare, arricchito con cosmesi vitale e preziosi estratti di piante, ridona corpo e vitalit\u00e0 ai tuoi capelli. Accogli l&#8217;energia revitalizzante di un massaggio corpo personalizzato, un&#8217;esperienza che risveglia i sensi. Infine, immergiti nell&#8217;arte dello styling finale per una radiante bellezza che si traduce in un benessere completo. Benvenuto in un mondo di rigenerazione e splendore.<\/span><\/p>\n<p>&nbsp;<\/p>\n<p><strong>\u20ac 199,00<\/strong><\/p>\n<p><a style=\"display: inline-block; margin-top: 20px; padding: 12px 24px; background-color: #000000; color: #ffffff; text-decoration: none; border-radius: 6px; font-weight: normal; font-size: 15px; font-family: 'Jost', sans-serif; transition: background-color 0.3s ease;\" href=\"https:\/\/ferraronisignature.com\/acquista-la-tua-esperienza\/\">Acquista esperienza<\/a><\/p>\n","protected":false},"featured_media":5219,"template":"","meta":{"_acf_changed":false,"inline_featured_image":false,"_joinchat":[]},"product_brand":[],"product_cat":[428,424],"product_tag":[581,573,563,583,567,585,571,569,579,577,587,565,575],"class_list":{"0":"post-5141","1":"product","2":"type-product","3":"status-publish","4":"has-post-thumbnail","6":"product_cat-donna-it","7":"product_cat-mente-corpo-capelli","8":"product_tag-bellezza","9":"product_tag-benessere","10":"product_tag-capelli","11":"product_tag-corpo","12":"product_tag-cura-dei-capelli","13":"product_tag-cura-del-corpo","14":"product_tag-hair-spa","15":"product_tag-hair-styling","16":"product_tag-massaggio","17":"product_tag-prodotti-naturali-per-capelli","18":"product_tag-relax","19":"product_tag-rituale-per-capelli","20":"product_tag-spa-matera","22":"first","23":"instock","24":"shipping-taxable","25":"product-type-simple"},"acf":[],"yoast_head":"<!-- This site is optimized with the Yoast SEO plugin v27.5 - https:\/\/yoast.com\/product\/yoast-seo-wordpress\/ -->\n<title>Idra - Ferraroni Signature<\/title>\n<meta name=\"description\" content=\"Immergiti in un\u2019esperienza di benessere totale con il nostro esclusivo Rituale Idra. Completo: rigenera capelli, corpo e mente\" \/>\n<meta name=\"robots\" content=\"index, follow, max-snippet:-1, max-image-preview:large, max-video-preview:-1\" \/>\n<link rel=\"canonical\" href=\"https:\/\/ferraronisignature.com\/madtest\/prodotto\/idra\/\" \/>\n<meta property=\"og:locale\" content=\"it_IT\" \/>\n<meta property=\"og:type\" content=\"article\" \/>\n<meta property=\"og:title\" content=\"Idra - Ferraroni Signature\" \/>\n<meta property=\"og:description\" content=\"Immergiti in un\u2019esperienza di benessere totale con il nostro esclusivo Rituale Idra. Completo: rigenera capelli, corpo e mente\" \/>\n<meta property=\"og:url\" content=\"https:\/\/ferraronisignature.com\/madtest\/prodotto\/idra\/\" \/>\n<meta property=\"og:site_name\" content=\"Ferraroni Signature\" \/>\n<meta property=\"article:publisher\" content=\"https:\/\/www.facebook.com\/ferraronisignaturehairspa\/\" \/>\n<meta property=\"article:modified_time\" content=\"2026-03-31T09:02:16+00:00\" \/>\n<meta property=\"og:image\" content=\"https:\/\/ferraronisignature.com\/madtest\/wp-content\/uploads\/2024\/11\/I-D-R-A.jpg\" \/>\n\t<meta property=\"og:image:width\" content=\"974\" \/>\n\t<meta property=\"og:image:height\" content=\"626\" \/>\n\t<meta property=\"og:image:type\" content=\"image\/jpeg\" \/>\n<meta name=\"twitter:card\" content=\"summary_large_image\" \/>\n<meta name=\"twitter:label1\" content=\"Tempo di lettura stimato\" \/>\n\t<meta name=\"twitter:data1\" content=\"2 minuti\" \/>\n<script type=\"application\/ld+json\" class=\"yoast-schema-graph\">{\"@context\":\"https:\\\/\\\/schema.org\",\"@graph\":[{\"@type\":\"WebPage\",\"@id\":\"https:\\\/\\\/ferraronisignature.com\\\/madtest\\\/prodotto\\\/idra\\\/\",\"url\":\"https:\\\/\\\/ferraronisignature.com\\\/madtest\\\/prodotto\\\/idra\\\/\",\"name\":\"Idra - Ferraroni Signature\",\"isPartOf\":{\"@id\":\"https:\\\/\\\/ferraronisignature.com\\\/madtest\\\/#website\"},\"primaryImageOfPage\":{\"@id\":\"https:\\\/\\\/ferraronisignature.com\\\/madtest\\\/prodotto\\\/idra\\\/#primaryimage\"},\"image\":{\"@id\":\"https:\\\/\\\/ferraronisignature.com\\\/madtest\\\/prodotto\\\/idra\\\/#primaryimage\"},\"thumbnailUrl\":\"https:\\\/\\\/ferraronisignature.com\\\/madtest\\\/wp-content\\\/uploads\\\/2024\\\/11\\\/I-D-R-A.jpg\",\"datePublished\":\"2024-11-19T13:25:22+00:00\",\"dateModified\":\"2026-03-31T09:02:16+00:00\",\"description\":\"Immergiti in un\u2019esperienza di benessere totale con il nostro esclusivo Rituale Idra. Completo: rigenera capelli, corpo e mente\",\"breadcrumb\":{\"@id\":\"https:\\\/\\\/ferraronisignature.com\\\/madtest\\\/prodotto\\\/idra\\\/#breadcrumb\"},\"inLanguage\":\"it-IT\",\"potentialAction\":[{\"@type\":\"ReadAction\",\"target\":[\"https:\\\/\\\/ferraronisignature.com\\\/madtest\\\/prodotto\\\/idra\\\/\"]}]},{\"@type\":\"ImageObject\",\"inLanguage\":\"it-IT\",\"@id\":\"https:\\\/\\\/ferraronisignature.com\\\/madtest\\\/prodotto\\\/idra\\\/#primaryimage\",\"url\":\"https:\\\/\\\/ferraronisignature.com\\\/madtest\\\/wp-content\\\/uploads\\\/2024\\\/11\\\/I-D-R-A.jpg\",\"contentUrl\":\"https:\\\/\\\/ferraronisignature.com\\\/madtest\\\/wp-content\\\/uploads\\\/2024\\\/11\\\/I-D-R-A.jpg\",\"width\":974,\"height\":626,\"caption\":\"Hydra - Idra\"},{\"@type\":\"BreadcrumbList\",\"@id\":\"https:\\\/\\\/ferraronisignature.com\\\/madtest\\\/prodotto\\\/idra\\\/#breadcrumb\",\"itemListElement\":[{\"@type\":\"ListItem\",\"position\":1,\"name\":\"Home\",\"item\":\"https:\\\/\\\/ferraronisignature.com\\\/\"},{\"@type\":\"ListItem\",\"position\":2,\"name\":\"Esperienze\",\"item\":\"https:\\\/\\\/ferraronisignature.com\\\/madtest\\\/esperienze\\\/\"},{\"@type\":\"ListItem\",\"position\":3,\"name\":\"Donna\",\"item\":\"https:\\\/\\\/ferraronisignature.com\\\/madtest\\\/product-category\\\/donna-it\\\/\"},{\"@type\":\"ListItem\",\"position\":4,\"name\":\"Idra\"}]},{\"@type\":\"WebSite\",\"@id\":\"https:\\\/\\\/ferraronisignature.com\\\/madtest\\\/#website\",\"url\":\"https:\\\/\\\/ferraronisignature.com\\\/madtest\\\/\",\"name\":\"Ferraroni Signature Hair Spa\",\"description\":\"La prima Hair Spa dedicata ai capelli in Italia\",\"publisher\":{\"@id\":\"https:\\\/\\\/ferraronisignature.com\\\/madtest\\\/#organization\"},\"alternateName\":\"Ferraroni Signature\",\"potentialAction\":[{\"@type\":\"SearchAction\",\"target\":{\"@type\":\"EntryPoint\",\"urlTemplate\":\"https:\\\/\\\/ferraronisignature.com\\\/madtest\\\/?s={search_term_string}\"},\"query-input\":{\"@type\":\"PropertyValueSpecification\",\"valueRequired\":true,\"valueName\":\"search_term_string\"}}],\"inLanguage\":\"it-IT\"},{\"@type\":\"Organization\",\"@id\":\"https:\\\/\\\/ferraronisignature.com\\\/madtest\\\/#organization\",\"name\":\"Ferraroni Signature Hair Spa\",\"alternateName\":\"Ferraroni Signature\",\"url\":\"https:\\\/\\\/ferraronisignature.com\\\/madtest\\\/\",\"logo\":{\"@type\":\"ImageObject\",\"inLanguage\":\"it-IT\",\"@id\":\"https:\\\/\\\/ferraronisignature.com\\\/madtest\\\/#\\\/schema\\\/logo\\\/image\\\/\",\"url\":\"https:\\\/\\\/ferraronisignature.com\\\/madtest\\\/wp-content\\\/uploads\\\/2025\\\/01\\\/logo_ferraroniBig.png\",\"contentUrl\":\"https:\\\/\\\/ferraronisignature.com\\\/madtest\\\/wp-content\\\/uploads\\\/2025\\\/01\\\/logo_ferraroniBig.png\",\"width\":1200,\"height\":630,\"caption\":\"Ferraroni Signature Hair Spa\"},\"image\":{\"@id\":\"https:\\\/\\\/ferraronisignature.com\\\/madtest\\\/#\\\/schema\\\/logo\\\/image\\\/\"},\"sameAs\":[\"https:\\\/\\\/www.facebook.com\\\/ferraronisignaturehairspa\\\/\",\"https:\\\/\\\/www.instagram.com\\\/ferraronisignaturehairspa\\\/\",\"https:\\\/\\\/www.youtube.com\\\/@ferraronisignaturehairspa\"]}]}<\/script>\n<!-- \/ Yoast SEO plugin. -->","yoast_head_json":{"title":"Idra - Ferraroni Signature","description":"Immergiti in un\u2019esperienza di benessere totale con il nostro esclusivo Rituale Idra. Completo: rigenera capelli, corpo e mente","robots":{"index":"index","follow":"follow","max-snippet":"max-snippet:-1","max-image-preview":"max-image-preview:large","max-video-preview":"max-video-preview:-1"},"canonical":"https:\/\/ferraronisignature.com\/madtest\/prodotto\/idra\/","og_locale":"it_IT","og_type":"article","og_title":"Idra - Ferraroni Signature","og_description":"Immergiti in un\u2019esperienza di benessere totale con il nostro esclusivo Rituale Idra. Completo: rigenera capelli, corpo e mente","og_url":"https:\/\/ferraronisignature.com\/madtest\/prodotto\/idra\/","og_site_name":"Ferraroni Signature","article_publisher":"https:\/\/www.facebook.com\/ferraronisignaturehairspa\/","article_modified_time":"2026-03-31T09:02:16+00:00","og_image":[{"width":974,"height":626,"url":"https:\/\/ferraronisignature.com\/madtest\/wp-content\/uploads\/2024\/11\/I-D-R-A.jpg","type":"image\/jpeg"}],"twitter_card":"summary_large_image","twitter_misc":{"Tempo di lettura stimato":"2 minuti"},"schema":{"@context":"https:\/\/schema.org","@graph":[{"@type":"WebPage","@id":"https:\/\/ferraronisignature.com\/madtest\/prodotto\/idra\/","url":"https:\/\/ferraronisignature.com\/madtest\/prodotto\/idra\/","name":"Idra - Ferraroni Signature","isPartOf":{"@id":"https:\/\/ferraronisignature.com\/madtest\/#website"},"primaryImageOfPage":{"@id":"https:\/\/ferraronisignature.com\/madtest\/prodotto\/idra\/#primaryimage"},"image":{"@id":"https:\/\/ferraronisignature.com\/madtest\/prodotto\/idra\/#primaryimage"},"thumbnailUrl":"https:\/\/ferraronisignature.com\/madtest\/wp-content\/uploads\/2024\/11\/I-D-R-A.jpg","datePublished":"2024-11-19T13:25:22+00:00","dateModified":"2026-03-31T09:02:16+00:00","description":"Immergiti in un\u2019esperienza di benessere totale con il nostro esclusivo Rituale Idra. Completo: rigenera capelli, corpo e mente","breadcrumb":{"@id":"https:\/\/ferraronisignature.com\/madtest\/prodotto\/idra\/#breadcrumb"},"inLanguage":"it-IT","potentialAction":[{"@type":"ReadAction","target":["https:\/\/ferraronisignature.com\/madtest\/prodotto\/idra\/"]}]},{"@type":"ImageObject","inLanguage":"it-IT","@id":"https:\/\/ferraronisignature.com\/madtest\/prodotto\/idra\/#primaryimage","url":"https:\/\/ferraronisignature.com\/madtest\/wp-content\/uploads\/2024\/11\/I-D-R-A.jpg","contentUrl":"https:\/\/ferraronisignature.com\/madtest\/wp-content\/uploads\/2024\/11\/I-D-R-A.jpg","width":974,"height":626,"caption":"Hydra - Idra"},{"@type":"BreadcrumbList","@id":"https:\/\/ferraronisignature.com\/madtest\/prodotto\/idra\/#breadcrumb","itemListElement":[{"@type":"ListItem","position":1,"name":"Home","item":"https:\/\/ferraronisignature.com\/"},{"@type":"ListItem","position":2,"name":"Esperienze","item":"https:\/\/ferraronisignature.com\/madtest\/esperienze\/"},{"@type":"ListItem","position":3,"name":"Donna","item":"https:\/\/ferraronisignature.com\/madtest\/product-category\/donna-it\/"},{"@type":"ListItem","position":4,"name":"Idra"}]},{"@type":"WebSite","@id":"https:\/\/ferraronisignature.com\/madtest\/#website","url":"https:\/\/ferraronisignature.com\/madtest\/","name":"Ferraroni Signature Hair Spa","description":"La prima Hair Spa dedicata ai capelli in Italia","publisher":{"@id":"https:\/\/ferraronisignature.com\/madtest\/#organization"},"alternateName":"Ferraroni Signature","potentialAction":[{"@type":"SearchAction","target":{"@type":"EntryPoint","urlTemplate":"https:\/\/ferraronisignature.com\/madtest\/?s={search_term_string}"},"query-input":{"@type":"PropertyValueSpecification","valueRequired":true,"valueName":"search_term_string"}}],"inLanguage":"it-IT"},{"@type":"Organization","@id":"https:\/\/ferraronisignature.com\/madtest\/#organization","name":"Ferraroni Signature Hair Spa","alternateName":"Ferraroni Signature","url":"https:\/\/ferraronisignature.com\/madtest\/","logo":{"@type":"ImageObject","inLanguage":"it-IT","@id":"https:\/\/ferraronisignature.com\/madtest\/#\/schema\/logo\/image\/","url":"https:\/\/ferraronisignature.com\/madtest\/wp-content\/uploads\/2025\/01\/logo_ferraroniBig.png","contentUrl":"https:\/\/ferraronisignature.com\/madtest\/wp-content\/uploads\/2025\/01\/logo_ferraroniBig.png","width":1200,"height":630,"caption":"Ferraroni Signature Hair Spa"},"image":{"@id":"https:\/\/ferraronisignature.com\/madtest\/#\/schema\/logo\/image\/"},"sameAs":["https:\/\/www.facebook.com\/ferraronisignaturehairspa\/","https:\/\/www.instagram.com\/ferraronisignaturehairspa\/","https:\/\/www.youtube.com\/@ferraronisignaturehairspa"]}]}},"_links":{"self":[{"href":"https:\/\/ferraronisignature.com\/madtest\/wp-json\/wp\/v2\/product\/5141","targetHints":{"allow":["GET"]}}],"collection":[{"href":"https:\/\/ferraronisignature.com\/madtest\/wp-json\/wp\/v2\/product"}],"about":[{"href":"https:\/\/ferraronisignature.com\/madtest\/wp-json\/wp\/v2\/types\/product"}],"version-history":[{"count":11,"href":"https:\/\/ferraronisignature.com\/madtest\/wp-json\/wp\/v2\/product\/5141\/revisions"}],"predecessor-version":[{"id":10888,"href":"https:\/\/ferraronisignature.com\/madtest\/wp-json\/wp\/v2\/product\/5141\/revisions\/10888"}],"wp:featuredmedia":[{"embeddable":true,"href":"https:\/\/ferraronisignature.com\/madtest\/wp-json\/wp\/v2\/media\/5219"}],"wp:attachment":[{"href":"https:\/\/ferraronisignature.com\/madtest\/wp-json\/wp\/v2\/media?parent=5141"}],"wp:term":[{"taxonomy":"product_brand","embeddable":true,"href":"https:\/\/ferraronisignature.com\/madtest\/wp-json\/wp\/v2\/product_brand?post=5141"},{"taxonomy":"product_cat","embeddable":true,"href":"https:\/\/ferraronisignature.com\/madtest\/wp-json\/wp\/v2\/product_cat?post=5141"},{"taxonomy":"product_tag","embeddable":true,"href":"https:\/\/ferraronisignature.com\/madtest\/wp-json\/wp\/v2\/product_tag?post=5141"}],"curies":[{"name":"wp","href":"https:\/\/api.w.org\/{rel}","templated":true}]}}