{"id":5145,"date":"2024-11-19T13:33:57","date_gmt":"2024-11-19T13:33:57","guid":{"rendered":"https:\/\/ferraronisignature.com\/madtest\/?post_type=product&#038;p=5145"},"modified":"2026-03-31T09:06:37","modified_gmt":"2026-03-31T09:06:37","slug":"detox","status":"publish","type":"product","link":"https:\/\/ferraronisignature.com\/madtest\/prodotto\/detox\/","title":{"rendered":"Detox"},"content":{"rendered":"<p style=\"text-align: justify;\">Concediti un rituale unico e riequilibrante, pensato per purificare e rigenerare la salute della tua cute. Il <em>Rituale Detox Hair Clay Therapy<\/em> \u00e8 una vera e propria esperienza sensoriale che aiuta a contrastare gli inestetismi della pelle, causati dalle impurit\u00e0. Si avvale della zeolite, un minerale vulcanico dalle propriet\u00e0 purificanti, che agisce delicatamente sulla cute per restituirle freschezza e vitalit\u00e0.<\/p>\n<p style=\"text-align: justify;\">L\u2019esperienza inizia con un rilassante massaggio decontratturante alla schiena, eseguito su un comodo lettino ad acqua. Durante questa fase, non solo potrai distenderti completamente, ma ti immergerai anche nei benefici dell\u2019idroterapia e della cromoterapia, che favoriscono il rilassamento muscolare. Poi, la suggestiva Stanza Oro, arricchita da una stufa di sale dell\u2019Himalaya, crea l\u2019ambiente ideale per un completo recupero fisico e mentale.<\/p>\n<p style=\"text-align: justify;\">Dopo il massaggio, l\u2019esperienza prosegue con una pausa rigenerante: una tisana detox che aiuta a purificare il corpo e a favorire il relax. Questa bevanda naturale supporta il processo di depurazione, migliorando il benessere generale e lasciando una piacevole sensazione di leggerezza.<\/p>\n<p style=\"text-align: justify;\">Il rituale si conclude con uno styling personalizzato, che dona alla tua chioma una lucentezza naturale e un aspetto rigenerato. Il <em>Rituale Detox Hair Clay Therapy<\/em> non solo purifica e rinnova la salute della cute, ma lascia i tuoi capelli morbidi, luminosi e sani, pronti per affrontare la giornata con energia e vitalit\u00e0.<\/p>\n","protected":false},"excerpt":{"rendered":"<ul>\n<li><strong><em><span class=\"fontstyle0\">Rituale hair clay therapy<\/span><\/em><\/strong><\/li>\n<li><strong><em><span class=\"fontstyle0\">Decontratturante schiena con argilla<\/span><\/em><\/strong><\/li>\n<li><strong><em><span class=\"fontstyle0\">Momento tisana<\/span><\/em><\/strong><\/li>\n<li><em><strong><span class=\"fontstyle0\">Styling<\/span><\/strong><br \/>\n<\/em><\/li>\n<\/ul>\n<p style=\"text-align: justify;\"><span class=\"a_GcMg font-feature-liga-off font-feature-clig-off font-feature-calt-off text-decoration-none text-strikethrough-none\">Un\u2019esperienza per lasciarsi andare a un rituale riequilibrante per la cute. Questo rituale contrasta gli inestetismi causati dalle impurit\u00e0 cutanee grazie alla &#8220;zeolite&#8221;, un minerale di origine vulcanica derivato da lava incandescente e acqua salmastra. Durante un massaggio alla schiena su un lettino ad acqua, potrai godere di idro e cromoterapia nella stanza ORO, dotata di una stufa del sale dell&#8217;Himalaya. L\u2019esperienza si arricchisce con una deliziosa tisana e si conclude con uno styling finale.<\/span><\/p>\n<p>&nbsp;<\/p>\n<p><strong>\u20ac 161,00<\/strong><\/p>\n<p><a style=\"display: inline-block; margin-top: 20px; padding: 12px 24px; background-color: #000000; color: #ffffff; text-decoration: none; border-radius: 6px; font-weight: normal; font-size: 15px; font-family: 'Jost', sans-serif; transition: background-color 0.3s ease;\" href=\"https:\/\/ferraronisignature.com\/acquista-la-tua-esperienza\/\">Acquista esperienza<\/a><\/p>\n","protected":false},"featured_media":5222,"template":"","meta":{"_acf_changed":false,"inline_featured_image":false,"_joinchat":[]},"product_brand":[],"product_cat":[424,430],"product_tag":[573,563,583,567,585,571,569,579,577,587,565,575],"class_list":{"0":"post-5145","1":"product","2":"type-product","3":"status-publish","4":"has-post-thumbnail","6":"product_cat-mente-corpo-capelli","7":"product_cat-uomo-it","8":"product_tag-benessere","9":"product_tag-capelli","10":"product_tag-corpo","11":"product_tag-cura-dei-capelli","12":"product_tag-cura-del-corpo","13":"product_tag-hair-spa","14":"product_tag-hair-styling","15":"product_tag-massaggio","16":"product_tag-prodotti-naturali-per-capelli","17":"product_tag-relax","18":"product_tag-rituale-per-capelli","19":"product_tag-spa-matera","21":"first","22":"instock","23":"shipping-taxable","24":"product-type-simple"},"acf":[],"yoast_head":"<!-- This site is optimized with the Yoast SEO plugin v27.5 - https:\/\/yoast.com\/product\/yoast-seo-wordpress\/ -->\n<title>Detox - Ferraroni Signature<\/title>\n<meta name=\"description\" content=\"Il Rituale Detox Hair Clay Therapy \u00e8 una vera e propria esperienza sensoriale che aiuta a contrastare gli inestetismi della pelle, causati dalle impurit\u00e0\" \/>\n<meta name=\"robots\" content=\"index, follow, max-snippet:-1, max-image-preview:large, max-video-preview:-1\" \/>\n<link rel=\"canonical\" href=\"https:\/\/ferraronisignature.com\/madtest\/prodotto\/detox\/\" \/>\n<meta property=\"og:locale\" content=\"it_IT\" \/>\n<meta property=\"og:type\" content=\"article\" \/>\n<meta property=\"og:title\" content=\"Detox - Ferraroni Signature\" \/>\n<meta property=\"og:description\" content=\"Il Rituale Detox Hair Clay Therapy \u00e8 una vera e propria esperienza sensoriale che aiuta a contrastare gli inestetismi della pelle, causati dalle impurit\u00e0\" \/>\n<meta property=\"og:url\" content=\"https:\/\/ferraronisignature.com\/madtest\/prodotto\/detox\/\" \/>\n<meta property=\"og:site_name\" content=\"Ferraroni Signature\" \/>\n<meta property=\"article:publisher\" content=\"https:\/\/www.facebook.com\/ferraronisignaturehairspa\/\" \/>\n<meta property=\"article:modified_time\" content=\"2026-03-31T09:06:37+00:00\" \/>\n<meta property=\"og:image\" content=\"https:\/\/ferraronisignature.com\/madtest\/wp-content\/uploads\/2024\/11\/D-E-T-O-X.jpg\" \/>\n\t<meta property=\"og:image:width\" content=\"974\" \/>\n\t<meta property=\"og:image:height\" content=\"626\" \/>\n\t<meta property=\"og:image:type\" content=\"image\/jpeg\" \/>\n<meta name=\"twitter:card\" content=\"summary_large_image\" \/>\n<meta name=\"twitter:label1\" content=\"Tempo di lettura stimato\" \/>\n\t<meta name=\"twitter:data1\" content=\"2 minuti\" \/>\n<script type=\"application\/ld+json\" class=\"yoast-schema-graph\">{\"@context\":\"https:\\\/\\\/schema.org\",\"@graph\":[{\"@type\":\"WebPage\",\"@id\":\"https:\\\/\\\/ferraronisignature.com\\\/madtest\\\/prodotto\\\/detox\\\/\",\"url\":\"https:\\\/\\\/ferraronisignature.com\\\/madtest\\\/prodotto\\\/detox\\\/\",\"name\":\"Detox - Ferraroni Signature\",\"isPartOf\":{\"@id\":\"https:\\\/\\\/ferraronisignature.com\\\/madtest\\\/#website\"},\"primaryImageOfPage\":{\"@id\":\"https:\\\/\\\/ferraronisignature.com\\\/madtest\\\/prodotto\\\/detox\\\/#primaryimage\"},\"image\":{\"@id\":\"https:\\\/\\\/ferraronisignature.com\\\/madtest\\\/prodotto\\\/detox\\\/#primaryimage\"},\"thumbnailUrl\":\"https:\\\/\\\/ferraronisignature.com\\\/madtest\\\/wp-content\\\/uploads\\\/2024\\\/11\\\/D-E-T-O-X.jpg\",\"datePublished\":\"2024-11-19T13:33:57+00:00\",\"dateModified\":\"2026-03-31T09:06:37+00:00\",\"description\":\"Il Rituale Detox Hair Clay Therapy \u00e8 una vera e propria esperienza sensoriale che aiuta a contrastare gli inestetismi della pelle, causati dalle impurit\u00e0\",\"breadcrumb\":{\"@id\":\"https:\\\/\\\/ferraronisignature.com\\\/madtest\\\/prodotto\\\/detox\\\/#breadcrumb\"},\"inLanguage\":\"it-IT\",\"potentialAction\":[{\"@type\":\"ReadAction\",\"target\":[\"https:\\\/\\\/ferraronisignature.com\\\/madtest\\\/prodotto\\\/detox\\\/\"]}]},{\"@type\":\"ImageObject\",\"inLanguage\":\"it-IT\",\"@id\":\"https:\\\/\\\/ferraronisignature.com\\\/madtest\\\/prodotto\\\/detox\\\/#primaryimage\",\"url\":\"https:\\\/\\\/ferraronisignature.com\\\/madtest\\\/wp-content\\\/uploads\\\/2024\\\/11\\\/D-E-T-O-X.jpg\",\"contentUrl\":\"https:\\\/\\\/ferraronisignature.com\\\/madtest\\\/wp-content\\\/uploads\\\/2024\\\/11\\\/D-E-T-O-X.jpg\",\"width\":974,\"height\":626,\"caption\":\"Detox\"},{\"@type\":\"BreadcrumbList\",\"@id\":\"https:\\\/\\\/ferraronisignature.com\\\/madtest\\\/prodotto\\\/detox\\\/#breadcrumb\",\"itemListElement\":[{\"@type\":\"ListItem\",\"position\":1,\"name\":\"Home\",\"item\":\"https:\\\/\\\/ferraronisignature.com\\\/\"},{\"@type\":\"ListItem\",\"position\":2,\"name\":\"Esperienze\",\"item\":\"https:\\\/\\\/ferraronisignature.com\\\/madtest\\\/esperienze\\\/\"},{\"@type\":\"ListItem\",\"position\":3,\"name\":\"Mente-corpo-capelli\",\"item\":\"https:\\\/\\\/ferraronisignature.com\\\/madtest\\\/product-category\\\/mente-corpo-capelli\\\/\"},{\"@type\":\"ListItem\",\"position\":4,\"name\":\"Detox\"}]},{\"@type\":\"WebSite\",\"@id\":\"https:\\\/\\\/ferraronisignature.com\\\/madtest\\\/#website\",\"url\":\"https:\\\/\\\/ferraronisignature.com\\\/madtest\\\/\",\"name\":\"Ferraroni Signature Hair Spa\",\"description\":\"La prima Hair Spa dedicata ai capelli in Italia\",\"publisher\":{\"@id\":\"https:\\\/\\\/ferraronisignature.com\\\/madtest\\\/#organization\"},\"alternateName\":\"Ferraroni Signature\",\"potentialAction\":[{\"@type\":\"SearchAction\",\"target\":{\"@type\":\"EntryPoint\",\"urlTemplate\":\"https:\\\/\\\/ferraronisignature.com\\\/madtest\\\/?s={search_term_string}\"},\"query-input\":{\"@type\":\"PropertyValueSpecification\",\"valueRequired\":true,\"valueName\":\"search_term_string\"}}],\"inLanguage\":\"it-IT\"},{\"@type\":\"Organization\",\"@id\":\"https:\\\/\\\/ferraronisignature.com\\\/madtest\\\/#organization\",\"name\":\"Ferraroni Signature Hair Spa\",\"alternateName\":\"Ferraroni Signature\",\"url\":\"https:\\\/\\\/ferraronisignature.com\\\/madtest\\\/\",\"logo\":{\"@type\":\"ImageObject\",\"inLanguage\":\"it-IT\",\"@id\":\"https:\\\/\\\/ferraronisignature.com\\\/madtest\\\/#\\\/schema\\\/logo\\\/image\\\/\",\"url\":\"https:\\\/\\\/ferraronisignature.com\\\/madtest\\\/wp-content\\\/uploads\\\/2025\\\/01\\\/logo_ferraroniBig.png\",\"contentUrl\":\"https:\\\/\\\/ferraronisignature.com\\\/madtest\\\/wp-content\\\/uploads\\\/2025\\\/01\\\/logo_ferraroniBig.png\",\"width\":1200,\"height\":630,\"caption\":\"Ferraroni Signature Hair Spa\"},\"image\":{\"@id\":\"https:\\\/\\\/ferraronisignature.com\\\/madtest\\\/#\\\/schema\\\/logo\\\/image\\\/\"},\"sameAs\":[\"https:\\\/\\\/www.facebook.com\\\/ferraronisignaturehairspa\\\/\",\"https:\\\/\\\/www.instagram.com\\\/ferraronisignaturehairspa\\\/\",\"https:\\\/\\\/www.youtube.com\\\/@ferraronisignaturehairspa\"]}]}<\/script>\n<!-- \/ Yoast SEO plugin. -->","yoast_head_json":{"title":"Detox - Ferraroni Signature","description":"Il Rituale Detox Hair Clay Therapy \u00e8 una vera e propria esperienza sensoriale che aiuta a contrastare gli inestetismi della pelle, causati dalle impurit\u00e0","robots":{"index":"index","follow":"follow","max-snippet":"max-snippet:-1","max-image-preview":"max-image-preview:large","max-video-preview":"max-video-preview:-1"},"canonical":"https:\/\/ferraronisignature.com\/madtest\/prodotto\/detox\/","og_locale":"it_IT","og_type":"article","og_title":"Detox - Ferraroni Signature","og_description":"Il Rituale Detox Hair Clay Therapy \u00e8 una vera e propria esperienza sensoriale che aiuta a contrastare gli inestetismi della pelle, causati dalle impurit\u00e0","og_url":"https:\/\/ferraronisignature.com\/madtest\/prodotto\/detox\/","og_site_name":"Ferraroni Signature","article_publisher":"https:\/\/www.facebook.com\/ferraronisignaturehairspa\/","article_modified_time":"2026-03-31T09:06:37+00:00","og_image":[{"width":974,"height":626,"url":"https:\/\/ferraronisignature.com\/madtest\/wp-content\/uploads\/2024\/11\/D-E-T-O-X.jpg","type":"image\/jpeg"}],"twitter_card":"summary_large_image","twitter_misc":{"Tempo di lettura stimato":"2 minuti"},"schema":{"@context":"https:\/\/schema.org","@graph":[{"@type":"WebPage","@id":"https:\/\/ferraronisignature.com\/madtest\/prodotto\/detox\/","url":"https:\/\/ferraronisignature.com\/madtest\/prodotto\/detox\/","name":"Detox - Ferraroni Signature","isPartOf":{"@id":"https:\/\/ferraronisignature.com\/madtest\/#website"},"primaryImageOfPage":{"@id":"https:\/\/ferraronisignature.com\/madtest\/prodotto\/detox\/#primaryimage"},"image":{"@id":"https:\/\/ferraronisignature.com\/madtest\/prodotto\/detox\/#primaryimage"},"thumbnailUrl":"https:\/\/ferraronisignature.com\/madtest\/wp-content\/uploads\/2024\/11\/D-E-T-O-X.jpg","datePublished":"2024-11-19T13:33:57+00:00","dateModified":"2026-03-31T09:06:37+00:00","description":"Il Rituale Detox Hair Clay Therapy \u00e8 una vera e propria esperienza sensoriale che aiuta a contrastare gli inestetismi della pelle, causati dalle impurit\u00e0","breadcrumb":{"@id":"https:\/\/ferraronisignature.com\/madtest\/prodotto\/detox\/#breadcrumb"},"inLanguage":"it-IT","potentialAction":[{"@type":"ReadAction","target":["https:\/\/ferraronisignature.com\/madtest\/prodotto\/detox\/"]}]},{"@type":"ImageObject","inLanguage":"it-IT","@id":"https:\/\/ferraronisignature.com\/madtest\/prodotto\/detox\/#primaryimage","url":"https:\/\/ferraronisignature.com\/madtest\/wp-content\/uploads\/2024\/11\/D-E-T-O-X.jpg","contentUrl":"https:\/\/ferraronisignature.com\/madtest\/wp-content\/uploads\/2024\/11\/D-E-T-O-X.jpg","width":974,"height":626,"caption":"Detox"},{"@type":"BreadcrumbList","@id":"https:\/\/ferraronisignature.com\/madtest\/prodotto\/detox\/#breadcrumb","itemListElement":[{"@type":"ListItem","position":1,"name":"Home","item":"https:\/\/ferraronisignature.com\/"},{"@type":"ListItem","position":2,"name":"Esperienze","item":"https:\/\/ferraronisignature.com\/madtest\/esperienze\/"},{"@type":"ListItem","position":3,"name":"Mente-corpo-capelli","item":"https:\/\/ferraronisignature.com\/madtest\/product-category\/mente-corpo-capelli\/"},{"@type":"ListItem","position":4,"name":"Detox"}]},{"@type":"WebSite","@id":"https:\/\/ferraronisignature.com\/madtest\/#website","url":"https:\/\/ferraronisignature.com\/madtest\/","name":"Ferraroni Signature Hair Spa","description":"La prima Hair Spa dedicata ai capelli in Italia","publisher":{"@id":"https:\/\/ferraronisignature.com\/madtest\/#organization"},"alternateName":"Ferraroni Signature","potentialAction":[{"@type":"SearchAction","target":{"@type":"EntryPoint","urlTemplate":"https:\/\/ferraronisignature.com\/madtest\/?s={search_term_string}"},"query-input":{"@type":"PropertyValueSpecification","valueRequired":true,"valueName":"search_term_string"}}],"inLanguage":"it-IT"},{"@type":"Organization","@id":"https:\/\/ferraronisignature.com\/madtest\/#organization","name":"Ferraroni Signature Hair Spa","alternateName":"Ferraroni Signature","url":"https:\/\/ferraronisignature.com\/madtest\/","logo":{"@type":"ImageObject","inLanguage":"it-IT","@id":"https:\/\/ferraronisignature.com\/madtest\/#\/schema\/logo\/image\/","url":"https:\/\/ferraronisignature.com\/madtest\/wp-content\/uploads\/2025\/01\/logo_ferraroniBig.png","contentUrl":"https:\/\/ferraronisignature.com\/madtest\/wp-content\/uploads\/2025\/01\/logo_ferraroniBig.png","width":1200,"height":630,"caption":"Ferraroni Signature Hair Spa"},"image":{"@id":"https:\/\/ferraronisignature.com\/madtest\/#\/schema\/logo\/image\/"},"sameAs":["https:\/\/www.facebook.com\/ferraronisignaturehairspa\/","https:\/\/www.instagram.com\/ferraronisignaturehairspa\/","https:\/\/www.youtube.com\/@ferraronisignaturehairspa"]}]}},"_links":{"self":[{"href":"https:\/\/ferraronisignature.com\/madtest\/wp-json\/wp\/v2\/product\/5145","targetHints":{"allow":["GET"]}}],"collection":[{"href":"https:\/\/ferraronisignature.com\/madtest\/wp-json\/wp\/v2\/product"}],"about":[{"href":"https:\/\/ferraronisignature.com\/madtest\/wp-json\/wp\/v2\/types\/product"}],"version-history":[{"count":10,"href":"https:\/\/ferraronisignature.com\/madtest\/wp-json\/wp\/v2\/product\/5145\/revisions"}],"predecessor-version":[{"id":10894,"href":"https:\/\/ferraronisignature.com\/madtest\/wp-json\/wp\/v2\/product\/5145\/revisions\/10894"}],"wp:featuredmedia":[{"embeddable":true,"href":"https:\/\/ferraronisignature.com\/madtest\/wp-json\/wp\/v2\/media\/5222"}],"wp:attachment":[{"href":"https:\/\/ferraronisignature.com\/madtest\/wp-json\/wp\/v2\/media?parent=5145"}],"wp:term":[{"taxonomy":"product_brand","embeddable":true,"href":"https:\/\/ferraronisignature.com\/madtest\/wp-json\/wp\/v2\/product_brand?post=5145"},{"taxonomy":"product_cat","embeddable":true,"href":"https:\/\/ferraronisignature.com\/madtest\/wp-json\/wp\/v2\/product_cat?post=5145"},{"taxonomy":"product_tag","embeddable":true,"href":"https:\/\/ferraronisignature.com\/madtest\/wp-json\/wp\/v2\/product_tag?post=5145"}],"curies":[{"name":"wp","href":"https:\/\/api.w.org\/{rel}","templated":true}]}}